{"id":89,"date":"2021-12-09T11:06:47","date_gmt":"2021-12-09T14:06:47","guid":{"rendered":"https:\/\/binatural.com.br\/?page_id=89"},"modified":"2025-10-03T17:13:13","modified_gmt":"2025-10-03T20:13:13","slug":"produtos-especiais","status":"publish","type":"page","link":"https:\/\/binatural.com.br\/en\/produtos-especiais\/","title":{"rendered":"Special products"},"content":{"rendered":"<div data-elementor-type=\"wp-page\" data-elementor-id=\"89\" class=\"elementor elementor-89\" data-elementor-post-type=\"page\">\n\t\t\t\t\t\t<section class=\"elementor-section elementor-top-section elementor-element elementor-element-3a848c2 img-template elementor-section-boxed elementor-section-height-default elementor-section-height-default elementor-invisible\" data-id=\"3a848c2\" data-element_type=\"section\" data-e-type=\"section\" data-settings=\"{&quot;background_background&quot;:&quot;classic&quot;,&quot;animation&quot;:&quot;fadeIn&quot;}\">\n\t\t\t\t\t\t<div class=\"elementor-container elementor-column-gap-no\">\n\t\t\t\t\t<div class=\"elementor-column elementor-col-50 elementor-top-column elementor-element elementor-element-d6b8283 box-4 tex-center\" data-id=\"d6b8283\" data-element_type=\"column\" data-e-type=\"column\" data-settings=\"{&quot;background_background&quot;:&quot;classic&quot;}\">\n\t\t\t<div class=\"elementor-widget-wrap elementor-element-populated\">\n\t\t\t\t\t\t<div class=\"elementor-element elementor-element-e7f0fa6 tex-center elementor-widget elementor-widget-heading\" data-id=\"e7f0fa6\" data-element_type=\"widget\" data-e-type=\"widget\" data-widget_type=\"heading.default\">\n\t\t\t\t<div class=\"elementor-widget-container\">\n\t\t\t\t\t<h2 class=\"elementor-heading-title elementor-size-default\">products<\/h2>\t\t\t\t<\/div>\n\t\t\t\t<\/div>\n\t\t\t\t<div class=\"elementor-element elementor-element-abb99ee elementor-widget elementor-widget-heading\" data-id=\"abb99ee\" data-element_type=\"widget\" data-e-type=\"widget\" data-widget_type=\"heading.default\">\n\t\t\t\t<div class=\"elementor-widget-container\">\n\t\t\t\t\t<h1 class=\"elementor-heading-title elementor-size-default\">SPECIAL<\/h1>\t\t\t\t<\/div>\n\t\t\t\t<\/div>\n\t\t\t\t\t<\/div>\n\t\t<\/div>\n\t\t\t\t<div class=\"elementor-column elementor-col-50 elementor-top-column elementor-element elementor-element-d14d447 text-right\" data-id=\"d14d447\" data-element_type=\"column\" data-e-type=\"column\" data-settings=\"{&quot;background_background&quot;:&quot;classic&quot;}\">\n\t\t\t<div class=\"elementor-widget-wrap elementor-element-populated\">\n\t\t\t\t\t\t<div class=\"elementor-element elementor-element-dffdb3b img-fluid elementor-widget elementor-widget-image\" data-id=\"dffdb3b\" data-element_type=\"widget\" data-e-type=\"widget\" data-widget_type=\"image.default\">\n\t\t\t\t<div class=\"elementor-widget-container\">\n\t\t\t\t\t\t\t\t\t\t\t\t\t\t\t<img fetchpriority=\"high\" decoding=\"async\" width=\"512\" height=\"446\" src=\"https:\/\/binatural.com.br\/wp-content\/uploads\/2021\/12\/et-7.jpg\" class=\"attachment-2048x2048 size-2048x2048 wp-image-47\" alt=\"\" srcset=\"https:\/\/binatural.com.br\/wp-content\/uploads\/2021\/12\/et-7.jpg 512w, https:\/\/binatural.com.br\/wp-content\/uploads\/2021\/12\/et-7-300x261.jpg 300w\" sizes=\"(max-width: 512px) 100vw, 512px\" \/>\t\t\t\t\t\t\t\t\t\t\t\t\t\t\t<\/div>\n\t\t\t\t<\/div>\n\t\t\t\t\t<\/div>\n\t\t<\/div>\n\t\t\t\t\t<\/div>\n\t\t<\/section>\n\t\t\t\t<section class=\"elementor-section elementor-top-section elementor-element elementor-element-d599ce0 elementor-section-boxed elementor-section-height-default elementor-section-height-default elementor-invisible\" data-id=\"d599ce0\" data-element_type=\"section\" data-e-type=\"section\" data-settings=\"{&quot;animation&quot;:&quot;fadeInUp&quot;}\">\n\t\t\t\t\t\t<div class=\"elementor-container elementor-column-gap-default\">\n\t\t\t\t\t<div class=\"elementor-column elementor-col-100 elementor-top-column elementor-element elementor-element-6b0a561\" data-id=\"6b0a561\" data-element_type=\"column\" data-e-type=\"column\">\n\t\t\t<div class=\"elementor-widget-wrap elementor-element-populated\">\n\t\t\t\t\t\t<div class=\"elementor-element elementor-element-d2793fc elementor-widget elementor-widget-text-editor\" data-id=\"d2793fc\" data-element_type=\"widget\" data-e-type=\"widget\" data-widget_type=\"text-editor.default\">\n\t\t\t\t<div class=\"elementor-widget-container\">\n\t\t\t\t\t\t\t\t\t<p>Vertical production was our option to make the most of all raw materials and further optimize production and environmental resources. Thus, we have created Binatural's special products:\u00a0<strong><span lang=\"PT-BR\" xml:lang=\"PT-BR\" data-contrast=\"auto\">GLYCERIN,\u00a0<\/span><\/strong><span style=\"font-weight: bolder; color: var( --e-global-color-text ); font-family: var( --e-global-typography-text-font-family ), Sans-serif;\">\u00c1CIDO GRAXO E\u00a0<\/span><strong style=\"color: var( --e-global-color-text ); font-family: var( --e-global-typography-text-font-family ), Sans-serif;\"><span lang=\"PT-BR\" xml:lang=\"PT-BR\" data-contrast=\"auto\">AND SLUDGE.<\/span><span data-ccp-props=\"{&quot;201341983&quot;:0,&quot;335559739&quot;:160,&quot;335559740&quot;:259}\">\u00a0<\/span><\/strong><\/p><p>Producing in a vertical line means using the entire complex of materials to create new products. Thus, from the biodiesel production chain we were able to extract three other elements and minimize any waste.<\/p>\t\t\t\t\t\t\t\t<\/div>\n\t\t\t\t<\/div>\n\t\t\t\t\t<\/div>\n\t\t<\/div>\n\t\t\t\t\t<\/div>\n\t\t<\/section>\n\t\t\t\t<\/div>","protected":false},"excerpt":{"rendered":"<p>produtos especiais A produ\u00e7\u00e3o verticalizada foi a nossa op\u00e7\u00e3o para aproveitar ao m\u00e1ximo todas as mat\u00e9rias primas e otimizar ainda mais a produ\u00e7\u00e3o e os recursos do meio ambiente. Assim, criamos os produtos especiais da Binatural:\u00a0GLICERINA,\u00a0\u00c1CIDO GRAXO E\u00a0BORRA.\u00a0 Produzir em linha vertical significa utilizar todo o complexo dos materiais para criar novos produtos. Assim, da [&hellip;]<\/p>\n","protected":false},"author":1,"featured_media":0,"parent":0,"menu_order":0,"comment_status":"closed","ping_status":"closed","template":"produtos.php","meta":{"footnotes":""},"class_list":["post-89","page","type-page","status-publish","hentry"],"yoast_head":"<!-- This site is optimized with the Yoast SEO plugin v27.3 - https:\/\/yoast.com\/product\/yoast-seo-wordpress\/ -->\n<title>Produtos Especiais - Binatural<\/title>\n<meta name=\"description\" content=\"Explore os produtos especiais da Binatural, com qualidade e efic\u00e1cia, ideais para cuidar da sua sa\u00fade e bem-estar di\u00e1rio.\" \/>\n<meta name=\"robots\" content=\"index, follow, max-snippet:-1, max-image-preview:large, max-video-preview:-1\" \/>\n<link rel=\"canonical\" href=\"https:\/\/binatural.com.br\/en\/produtos-especiais\/\" \/>\n<meta property=\"og:locale\" content=\"en_US\" \/>\n<meta property=\"og:type\" content=\"article\" \/>\n<meta property=\"og:title\" content=\"Produtos Especiais - Binatural\" \/>\n<meta property=\"og:description\" content=\"Explore os produtos especiais da Binatural, com qualidade e efic\u00e1cia, ideais para cuidar da sua sa\u00fade e bem-estar di\u00e1rio.\" \/>\n<meta property=\"og:url\" content=\"https:\/\/binatural.com.br\/en\/produtos-especiais\/\" \/>\n<meta property=\"og:site_name\" content=\"Binatural\" \/>\n<meta property=\"article:modified_time\" content=\"2025-10-03T20:13:13+00:00\" \/>\n<meta property=\"og:image\" content=\"https:\/\/binatural.com.br\/wp-content\/uploads\/2021\/12\/et-7.jpg\" \/>\n<meta name=\"twitter:card\" content=\"summary_large_image\" \/>\n<meta name=\"twitter:label1\" content=\"Est. reading time\" \/>\n\t<meta name=\"twitter:data1\" content=\"1 minute\" \/>\n<!-- \/ Yoast SEO plugin. -->","yoast_head_json":{"title":"Produtos Especiais - Binatural","description":"Explore os produtos especiais da Binatural, com qualidade e efic\u00e1cia, ideais para cuidar da sua sa\u00fade e bem-estar di\u00e1rio.","robots":{"index":"index","follow":"follow","max-snippet":"max-snippet:-1","max-image-preview":"max-image-preview:large","max-video-preview":"max-video-preview:-1"},"canonical":"https:\/\/binatural.com.br\/en\/produtos-especiais\/","og_locale":"en_US","og_type":"article","og_title":"Produtos Especiais - Binatural","og_description":"Explore os produtos especiais da Binatural, com qualidade e efic\u00e1cia, ideais para cuidar da sua sa\u00fade e bem-estar di\u00e1rio.","og_url":"https:\/\/binatural.com.br\/en\/produtos-especiais\/","og_site_name":"Binatural","article_modified_time":"2025-10-03T20:13:13+00:00","og_image":[{"url":"https:\/\/binatural.com.br\/wp-content\/uploads\/2021\/12\/et-7.jpg","type":"","width":"","height":""}],"twitter_card":"summary_large_image","twitter_misc":{"Est. reading time":"1 minute"},"schema":{"@context":"https:\/\/schema.org","@graph":[{"@type":"WebPage","@id":"https:\/\/binatural.com.br\/produtos-especiais\/","url":"https:\/\/binatural.com.br\/produtos-especiais\/","name":"Produtos Especiais - Binatural","isPartOf":{"@id":"https:\/\/binatural.com.br\/#website"},"primaryImageOfPage":{"@id":"https:\/\/binatural.com.br\/produtos-especiais\/#primaryimage"},"image":{"@id":"https:\/\/binatural.com.br\/produtos-especiais\/#primaryimage"},"thumbnailUrl":"https:\/\/binatural.com.br\/wp-content\/uploads\/2021\/12\/et-7.jpg","datePublished":"2021-12-09T14:06:47+00:00","dateModified":"2025-10-03T20:13:13+00:00","description":"Explore os produtos especiais da Binatural, com qualidade e efic\u00e1cia, ideais para cuidar da sua sa\u00fade e bem-estar di\u00e1rio.","breadcrumb":{"@id":"https:\/\/binatural.com.br\/produtos-especiais\/#breadcrumb"},"inLanguage":"en-US","potentialAction":[{"@type":"ReadAction","target":["https:\/\/binatural.com.br\/produtos-especiais\/"]}]},{"@type":"ImageObject","inLanguage":"en-US","@id":"https:\/\/binatural.com.br\/produtos-especiais\/#primaryimage","url":"https:\/\/binatural.com.br\/wp-content\/uploads\/2021\/12\/et-7.jpg","contentUrl":"https:\/\/binatural.com.br\/wp-content\/uploads\/2021\/12\/et-7.jpg"},{"@type":"BreadcrumbList","@id":"https:\/\/binatural.com.br\/produtos-especiais\/#breadcrumb","itemListElement":[{"@type":"ListItem","position":1,"name":"In\u00edcio","item":"https:\/\/binatural.com.br\/"},{"@type":"ListItem","position":2,"name":"Produtos Especiais"}]},{"@type":"WebSite","@id":"https:\/\/binatural.com.br\/#website","url":"https:\/\/binatural.com.br\/","name":"Binatural","description":"A Binatural foi uma das pioneiras na produ\u00e7\u00e3o de biodiesel no pa\u00eds, investindo em novas tecnologias, processos e m\u00e3o de obra.","publisher":{"@id":"https:\/\/binatural.com.br\/#organization"},"potentialAction":[{"@type":"SearchAction","target":{"@type":"EntryPoint","urlTemplate":"https:\/\/binatural.com.br\/?s={search_term_string}"},"query-input":{"@type":"PropertyValueSpecification","valueRequired":true,"valueName":"search_term_string"}}],"inLanguage":"en-US"},{"@type":"Organization","@id":"https:\/\/binatural.com.br\/#organization","name":"Binatural","url":"https:\/\/binatural.com.br\/","logo":{"@type":"ImageObject","inLanguage":"en-US","@id":"https:\/\/binatural.com.br\/#\/schema\/logo\/image\/","url":"https:\/\/binatural.com.br\/wp-content\/uploads\/2021\/12\/binatural.png","contentUrl":"https:\/\/binatural.com.br\/wp-content\/uploads\/2021\/12\/binatural.png","width":91,"height":80,"caption":"Binatural"},"image":{"@id":"https:\/\/binatural.com.br\/#\/schema\/logo\/image\/"}}]}},"_links":{"self":[{"href":"https:\/\/binatural.com.br\/en\/wp-json\/wp\/v2\/pages\/89","targetHints":{"allow":["GET"]}}],"collection":[{"href":"https:\/\/binatural.com.br\/en\/wp-json\/wp\/v2\/pages"}],"about":[{"href":"https:\/\/binatural.com.br\/en\/wp-json\/wp\/v2\/types\/page"}],"author":[{"embeddable":true,"href":"https:\/\/binatural.com.br\/en\/wp-json\/wp\/v2\/users\/1"}],"replies":[{"embeddable":true,"href":"https:\/\/binatural.com.br\/en\/wp-json\/wp\/v2\/comments?post=89"}],"version-history":[{"count":223,"href":"https:\/\/binatural.com.br\/en\/wp-json\/wp\/v2\/pages\/89\/revisions"}],"predecessor-version":[{"id":2289,"href":"https:\/\/binatural.com.br\/en\/wp-json\/wp\/v2\/pages\/89\/revisions\/2289"}],"wp:attachment":[{"href":"https:\/\/binatural.com.br\/en\/wp-json\/wp\/v2\/media?parent=89"}],"curies":[{"name":"wp","href":"https:\/\/api.w.org\/{rel}","templated":true}]}}