{"id":73,"date":"2021-12-09T07:39:22","date_gmt":"2021-12-09T10:39:22","guid":{"rendered":"https:\/\/binatural.com.br\/?page_id=73"},"modified":"2025-10-05T17:02:54","modified_gmt":"2025-10-05T20:02:54","slug":"historia","status":"publish","type":"page","link":"https:\/\/binatural.com.br\/en\/historia\/","title":{"rendered":"History"},"content":{"rendered":"<div data-elementor-type=\"wp-page\" data-elementor-id=\"73\" class=\"elementor elementor-73\" data-elementor-post-type=\"page\">\n\t\t\t\t\t\t<section class=\"elementor-section elementor-top-section elementor-element elementor-element-267c536 elementor-section-boxed elementor-section-height-default elementor-section-height-default\" data-id=\"267c536\" data-element_type=\"section\" data-e-type=\"section\">\n\t\t\t\t\t\t<div class=\"elementor-container elementor-column-gap-default\">\n\t\t\t\t\t<div class=\"elementor-column elementor-col-50 elementor-top-column elementor-element elementor-element-882e97a custom-page text-right pt-3 elementor-invisible\" data-id=\"882e97a\" data-element_type=\"column\" data-e-type=\"column\" data-settings=\"{&quot;animation&quot;:&quot;fadeInLeft&quot;}\">\n\t\t\t<div class=\"elementor-widget-wrap elementor-element-populated\">\n\t\t\t\t\t\t<div class=\"elementor-element elementor-element-e40ca15 elementor-widget elementor-widget-image\" data-id=\"e40ca15\" data-element_type=\"widget\" data-e-type=\"widget\" data-widget_type=\"image.default\">\n\t\t\t\t<div class=\"elementor-widget-container\">\n\t\t\t\t\t\t\t\t\t\t\t\t\t\t\t<img decoding=\"async\" width=\"91\" height=\"80\" src=\"https:\/\/binatural.com.br\/wp-content\/uploads\/2021\/12\/brazil.png\" class=\"attachment-large size-large wp-image-39\" alt=\"\" \/>\t\t\t\t\t\t\t\t\t\t\t\t\t\t\t<\/div>\n\t\t\t\t<\/div>\n\t\t\t\t<div class=\"elementor-element elementor-element-6b51cf0 page-heading elementor-widget elementor-widget-heading\" data-id=\"6b51cf0\" data-element_type=\"widget\" data-e-type=\"widget\" data-widget_type=\"heading.default\">\n\t\t\t\t<div class=\"elementor-widget-container\">\n\t\t\t\t\t<h1 class=\"elementor-heading-title elementor-size-xxl\">Biodiesel  <br>\nin Brazil<\/h1>\t\t\t\t<\/div>\n\t\t\t\t<\/div>\n\t\t\t\t<div class=\"elementor-element elementor-element-94bd3cc elementor-widget elementor-widget-text-editor\" data-id=\"94bd3cc\" data-element_type=\"widget\" data-e-type=\"widget\" data-widget_type=\"text-editor.default\">\n\t\t\t\t<div class=\"elementor-widget-container\">\n\t\t\t\t\t\t\t\t\t<p>Biodiesel arrived in Brazil in 2005, after the creation of the National Program for the Production and Use of Biodiesel (PNPB), which established goals for the product's entry into the national energy matrix.<\/p><p>At that time, biodiesel represented only 2% of the composition of diesel. Over the years, with the recognition of the importance of biodiesel, this share has increased and, in 2021, represents 10% of the fuel sold in the country. A number that can and should be increased in the coming years.<\/p>\t\t\t\t\t\t\t\t<\/div>\n\t\t\t\t<\/div>\n\t\t\t\t\t<\/div>\n\t\t<\/div>\n\t\t\t\t<div class=\"elementor-column elementor-col-50 elementor-top-column elementor-element elementor-element-8d10384 elementor-invisible\" data-id=\"8d10384\" data-element_type=\"column\" data-e-type=\"column\" data-settings=\"{&quot;animation&quot;:&quot;fadeInRight&quot;}\">\n\t\t\t<div class=\"elementor-widget-wrap elementor-element-populated\">\n\t\t\t\t\t\t<div class=\"elementor-element elementor-element-d8fb8d6 elementor-widget elementor-widget-image\" data-id=\"d8fb8d6\" data-element_type=\"widget\" data-e-type=\"widget\" data-widget_type=\"image.default\">\n\t\t\t\t<div class=\"elementor-widget-container\">\n\t\t\t\t\t\t\t\t\t\t\t\t\t\t\t<img fetchpriority=\"high\" decoding=\"async\" width=\"800\" height=\"398\" src=\"https:\/\/binatural.com.br\/wp-content\/uploads\/2021\/12\/et-5.jpg\" class=\"attachment-full size-full wp-image-45\" alt=\"\" srcset=\"https:\/\/binatural.com.br\/wp-content\/uploads\/2021\/12\/et-5.jpg 800w, https:\/\/binatural.com.br\/wp-content\/uploads\/2021\/12\/et-5-300x149.jpg 300w, https:\/\/binatural.com.br\/wp-content\/uploads\/2021\/12\/et-5-768x382.jpg 768w\" sizes=\"(max-width: 800px) 100vw, 800px\" \/>\t\t\t\t\t\t\t\t\t\t\t\t\t\t\t<\/div>\n\t\t\t\t<\/div>\n\t\t\t\t<div class=\"elementor-element elementor-element-36dc9ca p-4 box-2 elementor-widget elementor-widget-heading\" data-id=\"36dc9ca\" data-element_type=\"widget\" data-e-type=\"widget\" data-widget_type=\"heading.default\">\n\t\t\t\t<div class=\"elementor-widget-container\">\n\t\t\t\t\t<h3 class=\"elementor-heading-title elementor-size-default\">On this journey, our commitment to quality has made us experts in what we do and everything has expanded even further.<\/h3>\t\t\t\t<\/div>\n\t\t\t\t<\/div>\n\t\t\t\t\t<\/div>\n\t\t<\/div>\n\t\t\t\t\t<\/div>\n\t\t<\/section>\n\t\t\t\t<section class=\"elementor-section elementor-top-section elementor-element elementor-element-c696f63 box-3 elementor-section-boxed elementor-section-height-default elementor-section-height-default\" data-id=\"c696f63\" data-element_type=\"section\" data-e-type=\"section\">\n\t\t\t\t\t\t<div class=\"elementor-container elementor-column-gap-default\">\n\t\t\t\t\t<div class=\"elementor-column elementor-col-50 elementor-top-column elementor-element elementor-element-935aa7f elementor-invisible\" data-id=\"935aa7f\" data-element_type=\"column\" data-e-type=\"column\" data-settings=\"{&quot;animation&quot;:&quot;fadeIn&quot;}\">\n\t\t\t<div class=\"elementor-widget-wrap elementor-element-populated\">\n\t\t\t\t\t\t<div class=\"elementor-element elementor-element-f277c26 elementor-widget elementor-widget-heading\" data-id=\"f277c26\" data-element_type=\"widget\" data-e-type=\"widget\" data-widget_type=\"heading.default\">\n\t\t\t\t<div class=\"elementor-widget-container\">\n\t\t\t\t\t<h2 class=\"elementor-heading-title elementor-size-default\">How <br>\ndid we<br>\nget here?<\/h2>\t\t\t\t<\/div>\n\t\t\t\t<\/div>\n\t\t\t\t<div class=\"elementor-element elementor-element-0f51324 elementor-widget elementor-widget-text-editor\" data-id=\"0f51324\" data-element_type=\"widget\" data-e-type=\"widget\" data-widget_type=\"text-editor.default\">\n\t\t\t\t<div class=\"elementor-widget-container\">\n\t\t\t\t\t\t\t\t\t<p>One year after the product entered Brazil, we created the first Binatural factory. In 2006, our company became the pioneer in the production of biodiesel in the state of Goi\u00e1s.<\/p><p>Binatural's innovative actions were solidified through investment in new technologies, creation of processes, specialization of the workforce, agility and credibility in our relationships. Therefore, our product has certified quality and the company registers a consistent growth, which follows the evolution of the sector.<\/p>\t\t\t\t\t\t\t\t<\/div>\n\t\t\t\t<\/div>\n\t\t\t\t\t<\/div>\n\t\t<\/div>\n\t\t\t\t<div class=\"elementor-column elementor-col-50 elementor-top-column elementor-element elementor-element-b59723c elementor-invisible\" data-id=\"b59723c\" data-element_type=\"column\" data-e-type=\"column\" data-settings=\"{&quot;animation&quot;:&quot;fadeIn&quot;}\">\n\t\t\t<div class=\"elementor-widget-wrap elementor-element-populated\">\n\t\t\t\t\t\t<div class=\"elementor-element elementor-element-0d5bb5b elementor-widget elementor-widget-text-editor\" data-id=\"0d5bb5b\" data-element_type=\"widget\" data-e-type=\"widget\" data-widget_type=\"text-editor.default\">\n\t\t\t\t<div class=\"elementor-widget-container\">\n\t\t\t\t\t\t\t\t\t<p>In addition, one of Binatural's pillars is socio-environmental responsibility. We put this into practice through environmental protection and social sustainability actions, such as participation in the National Program for the Strengthening of Family Agriculture (PRONAF) in several Brazilian states.<br><span style=\"color: var( --e-global-color-text ); font-family: var( --e-global-typography-text-font-family ), Sans-serif; font-weight: var( --e-global-typography-text-font-weight );\"><br>As an expressive result of the bold spirit, positive energy and transparency in relationships, Binatural achieves in 2021 the recognition of the Financial Times as one of the 500 companies that most contributed to economic and social development in the country.<\/span><\/p>\t\t\t\t\t\t\t\t<\/div>\n\t\t\t\t<\/div>\n\t\t\t\t<div class=\"elementor-element elementor-element-6bc2626 elementor-widget elementor-widget-image\" data-id=\"6bc2626\" data-element_type=\"widget\" data-e-type=\"widget\" data-widget_type=\"image.default\">\n\t\t\t\t<div class=\"elementor-widget-container\">\n\t\t\t\t\t\t\t\t\t\t\t\t\t\t\t<img decoding=\"async\" width=\"459\" height=\"669\" src=\"https:\/\/binatural.com.br\/wp-content\/uploads\/2021\/12\/et-6.jpg\" class=\"attachment-large size-large wp-image-46\" alt=\"\" srcset=\"https:\/\/binatural.com.br\/wp-content\/uploads\/2021\/12\/et-6.jpg 459w, https:\/\/binatural.com.br\/wp-content\/uploads\/2021\/12\/et-6-206x300.jpg 206w\" sizes=\"(max-width: 459px) 100vw, 459px\" \/>\t\t\t\t\t\t\t\t\t\t\t\t\t\t\t<\/div>\n\t\t\t\t<\/div>\n\t\t\t\t\t<\/div>\n\t\t<\/div>\n\t\t\t\t\t<\/div>\n\t\t<\/section>\n\t\t\t\t<\/div>","protected":false},"excerpt":{"rendered":"<p>O Biodiesel no Brasil O biodiesel chegou ao Brasil em 2005, a partir da cria\u00e7\u00e3o do Programa Nacional de Produ\u00e7\u00e3o e Uso do Biodiesel (PNPB), que estabelecia metas para a entrada do produto na matriz energ\u00e9tica nacional. Naquele momento, o biodiesel representava apenas 2% na composi\u00e7\u00e3o do diesel. Ao longo dos anos, com o reconhecimento [&hellip;]<\/p>\n","protected":false},"author":1,"featured_media":0,"parent":0,"menu_order":0,"comment_status":"closed","ping_status":"closed","template":"historia.php","meta":{"footnotes":""},"class_list":["post-73","page","type-page","status-publish","hentry"],"yoast_head":"<!-- This site is optimized with the Yoast SEO plugin v27.4 - https:\/\/yoast.com\/product\/yoast-seo-wordpress\/ -->\n<title>Hist\u00f3ria da Binatural | Binatural<\/title>\n<meta name=\"description\" content=\"Conhe\u00e7a a hist\u00f3ria da Binatural, nossa trajet\u00f3ria, miss\u00e3o e valores que tornam nossos produtos e servi\u00e7os reconhecidos e confi\u00e1veis.\" \/>\n<meta name=\"robots\" content=\"index, follow, max-snippet:-1, max-image-preview:large, max-video-preview:-1\" \/>\n<link rel=\"canonical\" href=\"https:\/\/binatural.com.br\/en\/historia\/\" \/>\n<meta property=\"og:locale\" content=\"en_US\" \/>\n<meta property=\"og:type\" content=\"article\" \/>\n<meta property=\"og:title\" content=\"Hist\u00f3ria da Binatural | Binatural\" \/>\n<meta property=\"og:description\" content=\"Conhe\u00e7a a hist\u00f3ria da Binatural, nossa trajet\u00f3ria, miss\u00e3o e valores que tornam nossos produtos e servi\u00e7os reconhecidos e confi\u00e1veis.\" \/>\n<meta property=\"og:url\" content=\"https:\/\/binatural.com.br\/en\/historia\/\" \/>\n<meta property=\"og:site_name\" content=\"Binatural\" \/>\n<meta property=\"article:modified_time\" content=\"2025-10-05T20:02:54+00:00\" \/>\n<meta property=\"og:image\" content=\"https:\/\/binatural.com.br\/wp-content\/uploads\/2021\/12\/brazil.png\" \/>\n<meta name=\"twitter:card\" content=\"summary_large_image\" \/>\n<meta name=\"twitter:label1\" content=\"Est. reading time\" \/>\n\t<meta name=\"twitter:data1\" content=\"3 minutes\" \/>\n<!-- \/ Yoast SEO plugin. -->","yoast_head_json":{"title":"Hist\u00f3ria da Binatural | Binatural","description":"Conhe\u00e7a a hist\u00f3ria da Binatural, nossa trajet\u00f3ria, miss\u00e3o e valores que tornam nossos produtos e servi\u00e7os reconhecidos e confi\u00e1veis.","robots":{"index":"index","follow":"follow","max-snippet":"max-snippet:-1","max-image-preview":"max-image-preview:large","max-video-preview":"max-video-preview:-1"},"canonical":"https:\/\/binatural.com.br\/en\/historia\/","og_locale":"en_US","og_type":"article","og_title":"Hist\u00f3ria da Binatural | Binatural","og_description":"Conhe\u00e7a a hist\u00f3ria da Binatural, nossa trajet\u00f3ria, miss\u00e3o e valores que tornam nossos produtos e servi\u00e7os reconhecidos e confi\u00e1veis.","og_url":"https:\/\/binatural.com.br\/en\/historia\/","og_site_name":"Binatural","article_modified_time":"2025-10-05T20:02:54+00:00","og_image":[{"url":"https:\/\/binatural.com.br\/wp-content\/uploads\/2021\/12\/brazil.png","type":"","width":"","height":""}],"twitter_card":"summary_large_image","twitter_misc":{"Est. reading time":"3 minutes"},"schema":{"@context":"https:\/\/schema.org","@graph":[{"@type":"WebPage","@id":"https:\/\/binatural.com.br\/historia\/","url":"https:\/\/binatural.com.br\/historia\/","name":"Hist\u00f3ria da Binatural | Binatural","isPartOf":{"@id":"https:\/\/binatural.com.br\/#website"},"primaryImageOfPage":{"@id":"https:\/\/binatural.com.br\/historia\/#primaryimage"},"image":{"@id":"https:\/\/binatural.com.br\/historia\/#primaryimage"},"thumbnailUrl":"https:\/\/binatural.com.br\/wp-content\/uploads\/2021\/12\/brazil.png","datePublished":"2021-12-09T10:39:22+00:00","dateModified":"2025-10-05T20:02:54+00:00","description":"Conhe\u00e7a a hist\u00f3ria da Binatural, nossa trajet\u00f3ria, miss\u00e3o e valores que tornam nossos produtos e servi\u00e7os reconhecidos e confi\u00e1veis.","breadcrumb":{"@id":"https:\/\/binatural.com.br\/historia\/#breadcrumb"},"inLanguage":"en-US","potentialAction":[{"@type":"ReadAction","target":["https:\/\/binatural.com.br\/historia\/"]}]},{"@type":"ImageObject","inLanguage":"en-US","@id":"https:\/\/binatural.com.br\/historia\/#primaryimage","url":"https:\/\/binatural.com.br\/wp-content\/uploads\/2021\/12\/brazil.png","contentUrl":"https:\/\/binatural.com.br\/wp-content\/uploads\/2021\/12\/brazil.png"},{"@type":"BreadcrumbList","@id":"https:\/\/binatural.com.br\/historia\/#breadcrumb","itemListElement":[{"@type":"ListItem","position":1,"name":"In\u00edcio","item":"https:\/\/binatural.com.br\/"},{"@type":"ListItem","position":2,"name":"Hist\u00f3ria"}]},{"@type":"WebSite","@id":"https:\/\/binatural.com.br\/#website","url":"https:\/\/binatural.com.br\/","name":"Binatural","description":"A Binatural foi uma das pioneiras na produ\u00e7\u00e3o de biodiesel no pa\u00eds, investindo em novas tecnologias, processos e m\u00e3o de obra.","publisher":{"@id":"https:\/\/binatural.com.br\/#organization"},"potentialAction":[{"@type":"SearchAction","target":{"@type":"EntryPoint","urlTemplate":"https:\/\/binatural.com.br\/?s={search_term_string}"},"query-input":{"@type":"PropertyValueSpecification","valueRequired":true,"valueName":"search_term_string"}}],"inLanguage":"en-US"},{"@type":"Organization","@id":"https:\/\/binatural.com.br\/#organization","name":"Binatural","url":"https:\/\/binatural.com.br\/","logo":{"@type":"ImageObject","inLanguage":"en-US","@id":"https:\/\/binatural.com.br\/#\/schema\/logo\/image\/","url":"https:\/\/binatural.com.br\/wp-content\/uploads\/2021\/12\/binatural.png","contentUrl":"https:\/\/binatural.com.br\/wp-content\/uploads\/2021\/12\/binatural.png","width":91,"height":80,"caption":"Binatural"},"image":{"@id":"https:\/\/binatural.com.br\/#\/schema\/logo\/image\/"}}]}},"_links":{"self":[{"href":"https:\/\/binatural.com.br\/en\/wp-json\/wp\/v2\/pages\/73","targetHints":{"allow":["GET"]}}],"collection":[{"href":"https:\/\/binatural.com.br\/en\/wp-json\/wp\/v2\/pages"}],"about":[{"href":"https:\/\/binatural.com.br\/en\/wp-json\/wp\/v2\/types\/page"}],"author":[{"embeddable":true,"href":"https:\/\/binatural.com.br\/en\/wp-json\/wp\/v2\/users\/1"}],"replies":[{"embeddable":true,"href":"https:\/\/binatural.com.br\/en\/wp-json\/wp\/v2\/comments?post=73"}],"version-history":[{"count":75,"href":"https:\/\/binatural.com.br\/en\/wp-json\/wp\/v2\/pages\/73\/revisions"}],"predecessor-version":[{"id":4204,"href":"https:\/\/binatural.com.br\/en\/wp-json\/wp\/v2\/pages\/73\/revisions\/4204"}],"wp:attachment":[{"href":"https:\/\/binatural.com.br\/en\/wp-json\/wp\/v2\/media?parent=73"}],"curies":[{"name":"wp","href":"https:\/\/api.w.org\/{rel}","templated":true}]}}