{"id":4200,"date":"2025-11-13T10:02:07","date_gmt":"2025-11-13T13:02:07","guid":{"rendered":"https:\/\/binatural.com.br\/?page_id=4200"},"modified":"2026-03-19T18:48:46","modified_gmt":"2026-03-19T21:48:46","slug":"sala-de-imprensa","status":"publish","type":"page","link":"https:\/\/binatural.com.br\/en\/sala-de-imprensa\/","title":{"rendered":"Releases"},"content":{"rendered":"<div data-elementor-type=\"wp-page\" data-elementor-id=\"4200\" class=\"elementor elementor-4200\" data-elementor-post-type=\"page\">\n\t\t\t\t\t\t<section class=\"elementor-section elementor-top-section elementor-element elementor-element-1584471 elementor-section-boxed elementor-section-height-default elementor-section-height-default\" data-id=\"1584471\" data-element_type=\"section\" data-e-type=\"section\">\n\t\t\t\t\t\t<div class=\"elementor-container elementor-column-gap-default\">\n\t\t\t\t\t<div class=\"elementor-column elementor-col-100 elementor-top-column elementor-element elementor-element-9765472\" data-id=\"9765472\" data-element_type=\"column\" data-e-type=\"column\">\n\t\t\t<div class=\"elementor-widget-wrap\">\n\t\t\t\t\t\t\t<\/div>\n\t\t<\/div>\n\t\t\t\t\t<\/div>\n\t\t<\/section>\n\t\t\t\t<section class=\"elementor-section elementor-top-section elementor-element elementor-element-c564adc elementor-section-stretched box-6 elementor-section-boxed elementor-section-height-default elementor-section-height-default\" data-id=\"c564adc\" data-element_type=\"section\" data-e-type=\"section\" data-settings=\"{&quot;stretch_section&quot;:&quot;section-stretched&quot;}\">\n\t\t\t\t\t\t<div class=\"elementor-container elementor-column-gap-default\">\n\t\t\t\t\t<div class=\"elementor-column elementor-col-100 elementor-top-column elementor-element elementor-element-c766230\" data-id=\"c766230\" data-element_type=\"column\" data-e-type=\"column\">\n\t\t\t<div class=\"elementor-widget-wrap elementor-element-populated\">\n\t\t\t\t\t\t<div class=\"elementor-element elementor-element-2f0fb5a page-heading elementor-widget elementor-widget-heading\" data-id=\"2f0fb5a\" data-element_type=\"widget\" data-e-type=\"widget\" data-widget_type=\"heading.default\">\n\t\t\t\t<div class=\"elementor-widget-container\">\n\t\t\t\t\t<h1 class=\"elementor-heading-title elementor-size-xxl\">Como fazer o download dos arquivos\n<\/h1>\t\t\t\t<\/div>\n\t\t\t\t<\/div>\n\t\t\t\t<div class=\"elementor-element elementor-element-21ffb57 elementor-widget elementor-widget-heading\" data-id=\"21ffb57\" data-element_type=\"widget\" data-e-type=\"widget\" data-widget_type=\"heading.default\">\n\t\t\t\t<div class=\"elementor-widget-container\">\n\t\t\t\t\t<h2 class=\"elementor-heading-title elementor-size-default\">Siga o passo a passo abaixo \u2014 \u00e9 simples e intuitivo:<\/h2>\t\t\t\t<\/div>\n\t\t\t\t<\/div>\n\t\t\t\t\t<\/div>\n\t\t<\/div>\n\t\t\t\t\t<\/div>\n\t\t<\/section>\n\t\t\t\t<section class=\"elementor-section elementor-top-section elementor-element elementor-element-801aa15 elementor-section-stretched box-6 elementor-section-boxed elementor-section-height-default elementor-section-height-default\" data-id=\"801aa15\" data-element_type=\"section\" data-e-type=\"section\" data-settings=\"{&quot;stretch_section&quot;:&quot;section-stretched&quot;}\">\n\t\t\t\t\t\t<div class=\"elementor-container elementor-column-gap-default\">\n\t\t\t\t\t<div class=\"elementor-column elementor-col-50 elementor-top-column elementor-element elementor-element-1a38edf\" data-id=\"1a38edf\" data-element_type=\"column\" data-e-type=\"column\">\n\t\t\t<div class=\"elementor-widget-wrap elementor-element-populated\">\n\t\t\t\t\t\t<div class=\"elementor-element elementor-element-ce955ca elementor-widget elementor-widget-heading\" data-id=\"ce955ca\" data-element_type=\"widget\" data-e-type=\"widget\" data-widget_type=\"heading.default\">\n\t\t\t\t<div class=\"elementor-widget-container\">\n\t\t\t\t\t<h2 class=\"elementor-heading-title elementor-size-default\">1<\/h2>\t\t\t\t<\/div>\n\t\t\t\t<\/div>\n\t\t\t\t\t<\/div>\n\t\t<\/div>\n\t\t\t\t<div class=\"elementor-column elementor-col-50 elementor-top-column elementor-element elementor-element-52ae3b0\" data-id=\"52ae3b0\" data-element_type=\"column\" data-e-type=\"column\">\n\t\t\t<div class=\"elementor-widget-wrap elementor-element-populated\">\n\t\t\t\t\t\t<div class=\"elementor-element elementor-element-e5ddf8f elementor-widget elementor-widget-text-editor\" data-id=\"e5ddf8f\" data-element_type=\"widget\" data-e-type=\"widget\" data-widget_type=\"text-editor.default\">\n\t\t\t\t<div class=\"elementor-widget-container\">\n\t\t\t\t\t\t\t\t\t<p>Clique na imagem para visualiz\u00e1-la em tela cheia. Para salv\u00e1-la, clique no bot\u00e3o de download que aparece no canto da foto.<\/p>\t\t\t\t\t\t\t\t<\/div>\n\t\t\t\t<\/div>\n\t\t\t\t\t<\/div>\n\t\t<\/div>\n\t\t\t\t\t<\/div>\n\t\t<\/section>\n\t\t\t\t<section class=\"elementor-section elementor-top-section elementor-element elementor-element-e53bdab elementor-section-stretched box-6 elementor-section-boxed elementor-section-height-default elementor-section-height-default\" data-id=\"e53bdab\" data-element_type=\"section\" data-e-type=\"section\" data-settings=\"{&quot;stretch_section&quot;:&quot;section-stretched&quot;}\">\n\t\t\t\t\t\t<div class=\"elementor-container elementor-column-gap-default\">\n\t\t\t\t\t<div class=\"elementor-column elementor-col-50 elementor-top-column elementor-element elementor-element-3566811\" data-id=\"3566811\" data-element_type=\"column\" data-e-type=\"column\">\n\t\t\t<div class=\"elementor-widget-wrap elementor-element-populated\">\n\t\t\t\t\t\t<div class=\"elementor-element elementor-element-8e46bab elementor-widget elementor-widget-heading\" data-id=\"8e46bab\" data-element_type=\"widget\" data-e-type=\"widget\" data-widget_type=\"heading.default\">\n\t\t\t\t<div class=\"elementor-widget-container\">\n\t\t\t\t\t<h2 class=\"elementor-heading-title elementor-size-default\">2<\/h2>\t\t\t\t<\/div>\n\t\t\t\t<\/div>\n\t\t\t\t\t<\/div>\n\t\t<\/div>\n\t\t\t\t<div class=\"elementor-column elementor-col-50 elementor-top-column elementor-element elementor-element-084d736\" data-id=\"084d736\" data-element_type=\"column\" data-e-type=\"column\">\n\t\t\t<div class=\"elementor-widget-wrap elementor-element-populated\">\n\t\t\t\t\t\t<div class=\"elementor-element elementor-element-5d2dcfb elementor-widget elementor-widget-text-editor\" data-id=\"5d2dcfb\" data-element_type=\"widget\" data-e-type=\"widget\" data-widget_type=\"text-editor.default\">\n\t\t\t\t<div class=\"elementor-widget-container\">\n\t\t\t\t\t\t\t\t\t<p>O download individual \u00e9 iniciado automaticamente ao clicar no bot\u00e3o de download de cada imagem.<\/p>\t\t\t\t\t\t\t\t<\/div>\n\t\t\t\t<\/div>\n\t\t\t\t\t<\/div>\n\t\t<\/div>\n\t\t\t\t\t<\/div>\n\t\t<\/section>\n\t\t\t\t<section class=\"elementor-section elementor-top-section elementor-element elementor-element-e4c779a elementor-section-stretched box-6 elementor-section-boxed elementor-section-height-default elementor-section-height-default\" data-id=\"e4c779a\" data-element_type=\"section\" data-e-type=\"section\" data-settings=\"{&quot;stretch_section&quot;:&quot;section-stretched&quot;}\">\n\t\t\t\t\t\t<div class=\"elementor-container elementor-column-gap-default\">\n\t\t\t\t\t<div class=\"elementor-column elementor-col-50 elementor-top-column elementor-element elementor-element-3532037\" data-id=\"3532037\" data-element_type=\"column\" data-e-type=\"column\">\n\t\t\t<div class=\"elementor-widget-wrap elementor-element-populated\">\n\t\t\t\t\t\t<div class=\"elementor-element elementor-element-02cf8ba elementor-widget elementor-widget-heading\" data-id=\"02cf8ba\" data-element_type=\"widget\" data-e-type=\"widget\" data-widget_type=\"heading.default\">\n\t\t\t\t<div class=\"elementor-widget-container\">\n\t\t\t\t\t<h2 class=\"elementor-heading-title elementor-size-default\">3<\/h2>\t\t\t\t<\/div>\n\t\t\t\t<\/div>\n\t\t\t\t\t<\/div>\n\t\t<\/div>\n\t\t\t\t<div class=\"elementor-column elementor-col-50 elementor-top-column elementor-element elementor-element-dc202fd\" data-id=\"dc202fd\" data-element_type=\"column\" data-e-type=\"column\">\n\t\t\t<div class=\"elementor-widget-wrap elementor-element-populated\">\n\t\t\t\t\t\t<div class=\"elementor-element elementor-element-20c867f elementor-widget elementor-widget-text-editor\" data-id=\"20c867f\" data-element_type=\"widget\" data-e-type=\"widget\" data-widget_type=\"text-editor.default\">\n\t\t\t\t<div class=\"elementor-widget-container\">\n\t\t\t\t\t\t\t\t\t<p>Para baixar todas as imagens de uma vez, clique em &#8220;Baixar todas as imagens (.zip)&#8221; e o arquivo compactado ser\u00e1 gerado automaticamente.<\/p>\t\t\t\t\t\t\t\t<\/div>\n\t\t\t\t<\/div>\n\t\t\t\t\t<\/div>\n\t\t<\/div>\n\t\t\t\t\t<\/div>\n\t\t<\/section>\n\t\t\t\t<section class=\"elementor-section elementor-top-section elementor-element elementor-element-108e09f elementor-section-stretched box-6 elementor-section-boxed elementor-section-height-default elementor-section-height-default\" data-id=\"108e09f\" data-element_type=\"section\" data-e-type=\"section\" data-settings=\"{&quot;stretch_section&quot;:&quot;section-stretched&quot;}\">\n\t\t\t\t\t\t<div class=\"elementor-container elementor-column-gap-default\">\n\t\t\t\t\t<div class=\"elementor-column elementor-col-100 elementor-top-column elementor-element elementor-element-4865063\" data-id=\"4865063\" data-element_type=\"column\" data-e-type=\"column\">\n\t\t\t<div class=\"elementor-widget-wrap elementor-element-populated\">\n\t\t\t\t\t\t<div class=\"elementor-element elementor-element-7c0ef36 elementor-widget elementor-widget-shortcode\" data-id=\"7c0ef36\" data-element_type=\"widget\" data-e-type=\"widget\" data-widget_type=\"shortcode.default\">\n\t\t\t\t<div class=\"elementor-widget-container\">\n\t\t\t\t\t\t\t<div class=\"elementor-shortcode\">    <div class=\"release-galeria-wrap\">\r\n        <div class=\"release-galeria-header\">\r\n            <h4 class=\"release-galeria-titulo\">Fotos Gerais<\/h4>\r\n                            <a class=\"release-galeria-zip-btn\" href=\"https:\/\/binatural.com.br\/wp-admin\/admin-ajax.php?action=download_galeria_zip&#038;galeria_id=1\">\r\n                    <i class=\"feather-download\"><\/i> Baixar todas as imagens (.zip)\r\n                <\/a>\r\n                    <\/div>\r\n        <div class=\"release-galeria-grid\">\r\n                        <div class=\"release-galeria-item\">\r\n                <a href=\"https:\/\/binatural.com.br\/wp-content\/uploads\/2026\/01\/Andre-Lavor-1.jpeg\"\r\n                   data-fancybox=\"galeria-1\"\r\n                   data-caption=\"Andr\u00e9 Lavor (1)\">\r\n                    <img decoding=\"async\" src=\"https:\/\/binatural.com.br\/wp-content\/uploads\/2026\/01\/Andre-Lavor-1-300x200.jpeg\"\r\n                         alt=\"Andr\u00e9 Lavor (1)\"\r\n                         loading=\"lazy\">\r\n                    <span class=\"release-galeria-overlay\">\r\n                        <i class=\"feather-zoom-in\"><\/i>\r\n                    <\/span>\r\n                <\/a>\r\n                <a class=\"release-galeria-download\" href=\"https:\/\/binatural.com.br\/wp-content\/uploads\/2026\/01\/Andre-Lavor-1.jpeg\" download title=\"Baixar imagem\">\r\n                    <i class=\"feather-download\"><\/i>\r\n                <\/a>\r\n            <\/div>\r\n                        <div class=\"release-galeria-item\">\r\n                <a href=\"https:\/\/binatural.com.br\/wp-content\/uploads\/2026\/01\/Andre-Lavor-1-scaled.jpg\"\r\n                   data-fancybox=\"galeria-1\"\r\n                   data-caption=\"Andr\u00e9 Lavor (1)\">\r\n                    <img decoding=\"async\" src=\"https:\/\/binatural.com.br\/wp-content\/uploads\/2026\/01\/Andre-Lavor-1-300x200.jpg\"\r\n                         alt=\"Andr\u00e9 Lavor (1)\"\r\n                         loading=\"lazy\">\r\n                    <span class=\"release-galeria-overlay\">\r\n                        <i class=\"feather-zoom-in\"><\/i>\r\n                    <\/span>\r\n                <\/a>\r\n                <a class=\"release-galeria-download\" href=\"https:\/\/binatural.com.br\/wp-content\/uploads\/2026\/01\/Andre-Lavor-1-scaled.jpg\" download title=\"Baixar imagem\">\r\n                    <i class=\"feather-download\"><\/i>\r\n                <\/a>\r\n            <\/div>\r\n                        <div class=\"release-galeria-item\">\r\n                <a href=\"https:\/\/binatural.com.br\/wp-content\/uploads\/2026\/01\/Andre-Lavor-2.jpeg\"\r\n                   data-fancybox=\"galeria-1\"\r\n                   data-caption=\"Andr\u00e9 Lavor (2)\">\r\n                    <img decoding=\"async\" src=\"https:\/\/binatural.com.br\/wp-content\/uploads\/2026\/01\/Andre-Lavor-2-300x161.jpeg\"\r\n                         alt=\"Andr\u00e9 Lavor (2)\"\r\n                         loading=\"lazy\">\r\n                    <span class=\"release-galeria-overlay\">\r\n                        <i class=\"feather-zoom-in\"><\/i>\r\n                    <\/span>\r\n                <\/a>\r\n                <a class=\"release-galeria-download\" href=\"https:\/\/binatural.com.br\/wp-content\/uploads\/2026\/01\/Andre-Lavor-2.jpeg\" download title=\"Baixar imagem\">\r\n                    <i class=\"feather-download\"><\/i>\r\n                <\/a>\r\n            <\/div>\r\n                        <div class=\"release-galeria-item\">\r\n                <a href=\"https:\/\/binatural.com.br\/wp-content\/uploads\/2026\/01\/Andre-Lavor-2-scaled.jpg\"\r\n                   data-fancybox=\"galeria-1\"\r\n                   data-caption=\"Andr\u00e9 Lavor (2)\">\r\n                    <img decoding=\"async\" src=\"https:\/\/binatural.com.br\/wp-content\/uploads\/2026\/01\/Andre-Lavor-2-300x200.jpg\"\r\n                         alt=\"Andr\u00e9 Lavor (2)\"\r\n                         loading=\"lazy\">\r\n                    <span class=\"release-galeria-overlay\">\r\n                        <i class=\"feather-zoom-in\"><\/i>\r\n                    <\/span>\r\n                <\/a>\r\n                <a class=\"release-galeria-download\" href=\"https:\/\/binatural.com.br\/wp-content\/uploads\/2026\/01\/Andre-Lavor-2-scaled.jpg\" download title=\"Baixar imagem\">\r\n                    <i class=\"feather-download\"><\/i>\r\n                <\/a>\r\n            <\/div>\r\n                        <div class=\"release-galeria-item\">\r\n                <a href=\"https:\/\/binatural.com.br\/wp-content\/uploads\/2026\/01\/Usina-Binatural-Bahia.png\"\r\n                   data-fancybox=\"galeria-1\"\r\n                   data-caption=\"Usina Binatural Bahia\">\r\n                    <img decoding=\"async\" src=\"https:\/\/binatural.com.br\/wp-content\/uploads\/2026\/01\/Usina-Binatural-Bahia-300x193.png\"\r\n                         alt=\"Usina Binatural Bahia\"\r\n                         loading=\"lazy\">\r\n                    <span class=\"release-galeria-overlay\">\r\n                        <i class=\"feather-zoom-in\"><\/i>\r\n                    <\/span>\r\n                <\/a>\r\n                <a class=\"release-galeria-download\" href=\"https:\/\/binatural.com.br\/wp-content\/uploads\/2026\/01\/Usina-Binatural-Bahia.png\" download title=\"Baixar imagem\">\r\n                    <i class=\"feather-download\"><\/i>\r\n                <\/a>\r\n            <\/div>\r\n                        <div class=\"release-galeria-item\">\r\n                <a href=\"https:\/\/binatural.com.br\/wp-content\/uploads\/2026\/01\/Usina-Binatural-Goias-scaled.jpg\"\r\n                   data-fancybox=\"galeria-1\"\r\n                   data-caption=\"Usina Binatural Goi\u00e1s\">\r\n                    <img decoding=\"async\" src=\"https:\/\/binatural.com.br\/wp-content\/uploads\/2026\/01\/Usina-Binatural-Goias-300x169.jpg\"\r\n                         alt=\"Usina Binatural Goi\u00e1s\"\r\n                         loading=\"lazy\">\r\n                    <span class=\"release-galeria-overlay\">\r\n                        <i class=\"feather-zoom-in\"><\/i>\r\n                    <\/span>\r\n                <\/a>\r\n                <a class=\"release-galeria-download\" href=\"https:\/\/binatural.com.br\/wp-content\/uploads\/2026\/01\/Usina-Binatural-Goias-scaled.jpg\" download title=\"Baixar imagem\">\r\n                    <i class=\"feather-download\"><\/i>\r\n                <\/a>\r\n            <\/div>\r\n                    <\/div>\r\n    <\/div>\r\n    <\/div>\n\t\t\t\t\t\t<\/div>\n\t\t\t\t<\/div>\n\t\t\t\t\t<\/div>\n\t\t<\/div>\n\t\t\t\t\t<\/div>\n\t\t<\/section>\n\t\t\t\t<section class=\"elementor-section elementor-top-section elementor-element elementor-element-d390abd elementor-section-stretched box-6 elementor-section-boxed elementor-section-height-default elementor-section-height-default\" data-id=\"d390abd\" data-element_type=\"section\" data-e-type=\"section\" data-settings=\"{&quot;stretch_section&quot;:&quot;section-stretched&quot;}\">\n\t\t\t\t\t\t<div class=\"elementor-container elementor-column-gap-default\">\n\t\t\t\t\t<div class=\"elementor-column elementor-col-100 elementor-top-column elementor-element elementor-element-6c5912b\" data-id=\"6c5912b\" data-element_type=\"column\" data-e-type=\"column\">\n\t\t\t<div class=\"elementor-widget-wrap elementor-element-populated\">\n\t\t\t\t\t\t<div class=\"elementor-element elementor-element-8e2b3e5 elementor-widget elementor-widget-spacer\" data-id=\"8e2b3e5\" data-element_type=\"widget\" data-e-type=\"widget\" data-widget_type=\"spacer.default\">\n\t\t\t\t<div class=\"elementor-widget-container\">\n\t\t\t\t\t\t\t<div class=\"elementor-spacer\">\n\t\t\t<div class=\"elementor-spacer-inner\"><\/div>\n\t\t<\/div>\n\t\t\t\t\t\t<\/div>\n\t\t\t\t<\/div>\n\t\t\t\t\t<\/div>\n\t\t<\/div>\n\t\t\t\t\t<\/div>\n\t\t<\/section>\n\t\t\t\t<\/div>","protected":false},"excerpt":{"rendered":"<p>Como fazer o download dos arquivos Siga o passo a passo abaixo \u2014 \u00e9 simples e intuitivo: 1 Clique na imagem para visualiz\u00e1-la em tela cheia. Para salv\u00e1-la, clique no bot\u00e3o de download que aparece no canto da foto. 2 O download individual \u00e9 iniciado automaticamente ao clicar no bot\u00e3o de download de cada imagem. [&hellip;]<\/p>\n","protected":false},"author":1,"featured_media":4202,"parent":0,"menu_order":0,"comment_status":"closed","ping_status":"closed","template":"sala-imprensa.php","meta":{"footnotes":""},"class_list":["post-4200","page","type-page","status-publish","has-post-thumbnail","hentry"],"yoast_head":"<!-- This site is optimized with the Yoast SEO plugin v27.4 - https:\/\/yoast.com\/product\/yoast-seo-wordpress\/ -->\n<title>Releases - Binatural<\/title>\n<meta name=\"description\" content=\"Releases. Descubra a Binatural, com produtos naturais de qualidade e informa\u00e7\u00f5es \u00fateis, servi\u00e7os e conte\u00fados para sa\u00fade e bem-estar di\u00e1rio.\" \/>\n<meta name=\"robots\" content=\"index, follow, max-snippet:-1, max-image-preview:large, max-video-preview:-1\" \/>\n<link rel=\"canonical\" href=\"https:\/\/binatural.com.br\/en\/sala-de-imprensa\/\" \/>\n<meta property=\"og:locale\" content=\"en_US\" \/>\n<meta property=\"og:type\" content=\"article\" \/>\n<meta property=\"og:title\" content=\"Releases - Binatural\" \/>\n<meta property=\"og:description\" content=\"Releases. Descubra a Binatural, com produtos naturais de qualidade e informa\u00e7\u00f5es \u00fateis, servi\u00e7os e conte\u00fados para sa\u00fade e bem-estar di\u00e1rio.\" \/>\n<meta property=\"og:url\" content=\"https:\/\/binatural.com.br\/en\/sala-de-imprensa\/\" \/>\n<meta property=\"og:site_name\" content=\"Binatural\" \/>\n<meta property=\"article:modified_time\" content=\"2026-03-19T21:48:46+00:00\" \/>\n<meta property=\"og:image\" content=\"https:\/\/binatural.com.br\/wp-content\/uploads\/2025\/11\/release.jpg\" \/>\n\t<meta property=\"og:image:width\" content=\"1803\" \/>\n\t<meta property=\"og:image:height\" content=\"632\" \/>\n\t<meta property=\"og:image:type\" content=\"image\/jpeg\" \/>\n<meta name=\"twitter:card\" content=\"summary_large_image\" \/>\n<meta name=\"twitter:label1\" content=\"Est. reading time\" \/>\n\t<meta name=\"twitter:data1\" content=\"1 minute\" \/>\n<!-- \/ Yoast SEO plugin. -->","yoast_head_json":{"title":"Releases - Binatural","description":"Releases. Descubra a Binatural, com produtos naturais de qualidade e informa\u00e7\u00f5es \u00fateis, servi\u00e7os e conte\u00fados para sa\u00fade e bem-estar di\u00e1rio.","robots":{"index":"index","follow":"follow","max-snippet":"max-snippet:-1","max-image-preview":"max-image-preview:large","max-video-preview":"max-video-preview:-1"},"canonical":"https:\/\/binatural.com.br\/en\/sala-de-imprensa\/","og_locale":"en_US","og_type":"article","og_title":"Releases - Binatural","og_description":"Releases. Descubra a Binatural, com produtos naturais de qualidade e informa\u00e7\u00f5es \u00fateis, servi\u00e7os e conte\u00fados para sa\u00fade e bem-estar di\u00e1rio.","og_url":"https:\/\/binatural.com.br\/en\/sala-de-imprensa\/","og_site_name":"Binatural","article_modified_time":"2026-03-19T21:48:46+00:00","og_image":[{"width":1803,"height":632,"url":"https:\/\/binatural.com.br\/wp-content\/uploads\/2025\/11\/release.jpg","type":"image\/jpeg"}],"twitter_card":"summary_large_image","twitter_misc":{"Est. reading time":"1 minute"},"schema":{"@context":"https:\/\/schema.org","@graph":[{"@type":"WebPage","@id":"https:\/\/binatural.com.br\/sala-de-imprensa\/","url":"https:\/\/binatural.com.br\/sala-de-imprensa\/","name":"Releases - Binatural","isPartOf":{"@id":"https:\/\/binatural.com.br\/#website"},"primaryImageOfPage":{"@id":"https:\/\/binatural.com.br\/sala-de-imprensa\/#primaryimage"},"image":{"@id":"https:\/\/binatural.com.br\/sala-de-imprensa\/#primaryimage"},"thumbnailUrl":"https:\/\/binatural.com.br\/wp-content\/uploads\/2025\/11\/release.jpg","datePublished":"2025-11-13T13:02:07+00:00","dateModified":"2026-03-19T21:48:46+00:00","description":"Releases. Descubra a Binatural, com produtos naturais de qualidade e informa\u00e7\u00f5es \u00fateis, servi\u00e7os e conte\u00fados para sa\u00fade e bem-estar di\u00e1rio.","breadcrumb":{"@id":"https:\/\/binatural.com.br\/sala-de-imprensa\/#breadcrumb"},"inLanguage":"en-US","potentialAction":[{"@type":"ReadAction","target":["https:\/\/binatural.com.br\/sala-de-imprensa\/"]}]},{"@type":"ImageObject","inLanguage":"en-US","@id":"https:\/\/binatural.com.br\/sala-de-imprensa\/#primaryimage","url":"https:\/\/binatural.com.br\/wp-content\/uploads\/2025\/11\/release.jpg","contentUrl":"https:\/\/binatural.com.br\/wp-content\/uploads\/2025\/11\/release.jpg","width":1803,"height":632},{"@type":"BreadcrumbList","@id":"https:\/\/binatural.com.br\/sala-de-imprensa\/#breadcrumb","itemListElement":[{"@type":"ListItem","position":1,"name":"In\u00edcio","item":"https:\/\/binatural.com.br\/"},{"@type":"ListItem","position":2,"name":"Releases"}]},{"@type":"WebSite","@id":"https:\/\/binatural.com.br\/#website","url":"https:\/\/binatural.com.br\/","name":"Binatural","description":"A Binatural foi uma das pioneiras na produ\u00e7\u00e3o de biodiesel no pa\u00eds, investindo em novas tecnologias, processos e m\u00e3o de obra.","publisher":{"@id":"https:\/\/binatural.com.br\/#organization"},"potentialAction":[{"@type":"SearchAction","target":{"@type":"EntryPoint","urlTemplate":"https:\/\/binatural.com.br\/?s={search_term_string}"},"query-input":{"@type":"PropertyValueSpecification","valueRequired":true,"valueName":"search_term_string"}}],"inLanguage":"en-US"},{"@type":"Organization","@id":"https:\/\/binatural.com.br\/#organization","name":"Binatural","url":"https:\/\/binatural.com.br\/","logo":{"@type":"ImageObject","inLanguage":"en-US","@id":"https:\/\/binatural.com.br\/#\/schema\/logo\/image\/","url":"https:\/\/binatural.com.br\/wp-content\/uploads\/2021\/12\/binatural.png","contentUrl":"https:\/\/binatural.com.br\/wp-content\/uploads\/2021\/12\/binatural.png","width":91,"height":80,"caption":"Binatural"},"image":{"@id":"https:\/\/binatural.com.br\/#\/schema\/logo\/image\/"}}]}},"_links":{"self":[{"href":"https:\/\/binatural.com.br\/en\/wp-json\/wp\/v2\/pages\/4200","targetHints":{"allow":["GET"]}}],"collection":[{"href":"https:\/\/binatural.com.br\/en\/wp-json\/wp\/v2\/pages"}],"about":[{"href":"https:\/\/binatural.com.br\/en\/wp-json\/wp\/v2\/types\/page"}],"author":[{"embeddable":true,"href":"https:\/\/binatural.com.br\/en\/wp-json\/wp\/v2\/users\/1"}],"replies":[{"embeddable":true,"href":"https:\/\/binatural.com.br\/en\/wp-json\/wp\/v2\/comments?post=4200"}],"version-history":[{"count":31,"href":"https:\/\/binatural.com.br\/en\/wp-json\/wp\/v2\/pages\/4200\/revisions"}],"predecessor-version":[{"id":4978,"href":"https:\/\/binatural.com.br\/en\/wp-json\/wp\/v2\/pages\/4200\/revisions\/4978"}],"wp:featuredmedia":[{"embeddable":true,"href":"https:\/\/binatural.com.br\/en\/wp-json\/wp\/v2\/media\/4202"}],"wp:attachment":[{"href":"https:\/\/binatural.com.br\/en\/wp-json\/wp\/v2\/media?parent=4200"}],"curies":[{"name":"wp","href":"https:\/\/api.w.org\/{rel}","templated":true}]}}