{"id":415,"date":"2022-02-22T18:58:48","date_gmt":"2022-02-22T21:58:48","guid":{"rendered":"https:\/\/binatural.com.br\/?page_id=415"},"modified":"2025-10-05T17:01:46","modified_gmt":"2025-10-05T20:01:46","slug":"vagas","status":"publish","type":"page","link":"https:\/\/binatural.com.br\/en\/vagas\/","title":{"rendered":"Job Openings"},"content":{"rendered":"<div data-elementor-type=\"wp-page\" data-elementor-id=\"415\" class=\"elementor elementor-415\" data-elementor-post-type=\"page\">\n\t\t\t\t\t\t<section class=\"elementor-section elementor-top-section elementor-element elementor-element-cbbfae4 elementor-section-boxed elementor-section-height-default elementor-section-height-default\" data-id=\"cbbfae4\" data-element_type=\"section\" data-e-type=\"section\">\n\t\t\t\t\t\t<div class=\"elementor-container elementor-column-gap-default\">\n\t\t\t\t\t<div class=\"elementor-column elementor-col-100 elementor-top-column elementor-element elementor-element-d45dfcc\" data-id=\"d45dfcc\" data-element_type=\"column\" data-e-type=\"column\">\n\t\t\t<div class=\"elementor-widget-wrap elementor-element-populated\">\n\t\t\t\t\t\t<div class=\"elementor-element elementor-element-eb81156 elementor-hidden-desktop elementor-hidden-tablet elementor-hidden-mobile elementor-widget elementor-widget-heading\" data-id=\"eb81156\" data-element_type=\"widget\" data-e-type=\"widget\" data-widget_type=\"heading.default\">\n\t\t\t\t<div class=\"elementor-widget-container\">\n\t\t\t\t\t<h1 class=\"elementor-heading-title elementor-size-default\">Job Openings<\/h1>\t\t\t\t<\/div>\n\t\t\t\t<\/div>\n\t\t\t\t\t<\/div>\n\t\t<\/div>\n\t\t\t\t\t<\/div>\n\t\t<\/section>\n\t\t\t\t<section class=\"elementor-section elementor-top-section elementor-element elementor-element-2655864 elementor-section-full_width elementor-section-stretched elementor-section-height-default elementor-section-height-default\" data-id=\"2655864\" data-element_type=\"section\" data-e-type=\"section\" data-settings=\"{&quot;stretch_section&quot;:&quot;section-stretched&quot;}\">\n\t\t\t\t\t\t<div class=\"elementor-container elementor-column-gap-default\">\n\t\t\t\t\t<div class=\"elementor-column elementor-col-100 elementor-top-column elementor-element elementor-element-363b699\" data-id=\"363b699\" data-element_type=\"column\" data-e-type=\"column\">\n\t\t\t<div class=\"elementor-widget-wrap elementor-element-populated\">\n\t\t\t\t\t\t<div class=\"elementor-element elementor-element-597ca00 elementor-widget elementor-widget-image\" data-id=\"597ca00\" data-element_type=\"widget\" data-e-type=\"widget\" data-widget_type=\"image.default\">\n\t\t\t\t<div class=\"elementor-widget-container\">\n\t\t\t\t\t\t\t\t\t\t\t\t\t\t\t<img fetchpriority=\"high\" decoding=\"async\" width=\"1803\" height=\"632\" src=\"https:\/\/binatural.com.br\/wp-content\/uploads\/2022\/07\/our-time.jpg\" class=\"attachment-full size-full wp-image-339\" alt=\"\" srcset=\"https:\/\/binatural.com.br\/wp-content\/uploads\/2022\/07\/our-time.jpg 1803w, https:\/\/binatural.com.br\/wp-content\/uploads\/2022\/07\/our-time-300x105.jpg 300w, https:\/\/binatural.com.br\/wp-content\/uploads\/2022\/07\/our-time-1024x359.jpg 1024w, https:\/\/binatural.com.br\/wp-content\/uploads\/2022\/07\/our-time-768x269.jpg 768w, https:\/\/binatural.com.br\/wp-content\/uploads\/2022\/07\/our-time-1536x538.jpg 1536w, https:\/\/binatural.com.br\/wp-content\/uploads\/2022\/07\/our-time-18x6.jpg 18w\" sizes=\"(max-width: 1803px) 100vw, 1803px\" \/>\t\t\t\t\t\t\t\t\t\t\t\t\t\t\t<\/div>\n\t\t\t\t<\/div>\n\t\t\t\t\t<\/div>\n\t\t<\/div>\n\t\t\t\t\t<\/div>\n\t\t<\/section>\n\t\t\t\t<section class=\"elementor-section elementor-top-section elementor-element elementor-element-5adaa8b6 elementor-section-boxed elementor-section-height-default elementor-section-height-default\" data-id=\"5adaa8b6\" data-element_type=\"section\" data-e-type=\"section\">\n\t\t\t\t\t\t<div class=\"elementor-container elementor-column-gap-default\">\n\t\t\t\t\t<div class=\"elementor-column elementor-col-100 elementor-top-column elementor-element elementor-element-4137f1e6\" data-id=\"4137f1e6\" data-element_type=\"column\" data-e-type=\"column\">\n\t\t\t<div class=\"elementor-widget-wrap elementor-element-populated\">\n\t\t\t\t\t\t<div class=\"elementor-element elementor-element-3254051c elementor-widget elementor-widget-text-editor\" data-id=\"3254051c\" data-element_type=\"widget\" data-e-type=\"widget\" data-widget_type=\"text-editor.default\">\n\t\t\t\t<div class=\"elementor-widget-container\">\n\t\t\t\t\t\t\t\t\t<p style=\"text-align: center;\">Quem est\u00e1 no time Binatural sabe que aqui a energia \u00e9 sempre boa.<br \/>Therefore, we form an engaged team and actively collaborate for the expansion of projects.<\/p><p style=\"text-align: center;\"><span style=\"color: #0d2f23;\"><strong>IF YOU WANT TO GROW WITH US, MEET THE <\/strong><\/span><span style=\"color: #0d2f23;\"><strong>CONHE\u00c7A<br \/>OPPORTUNITIES FOR NEW TALENTS<\/strong><\/span><\/p>\t\t\t\t\t\t\t\t<\/div>\n\t\t\t\t<\/div>\n\t\t\t\t\t<\/div>\n\t\t<\/div>\n\t\t\t\t\t<\/div>\n\t\t<\/section>\n\t\t\t\t<\/div>","protected":false},"excerpt":{"rendered":"<p>Vagas Quem est\u00e1 no time Binatural sabe que aqui a energia \u00e9 sempre boa.Por isso, formamos um time engajado e colaboramos ativamente para a expans\u00e3o dos projetos. SE VOC\u00ca QUER CRESCER COM A GENTE, CONHE\u00c7AAS OPORTUNIDADES PARA NOVOS TALENTOS.<\/p>","protected":false},"author":1,"featured_media":0,"parent":0,"menu_order":0,"comment_status":"closed","ping_status":"closed","template":"vagas.php","meta":{"footnotes":""},"class_list":["post-415","page","type-page","status-publish","hentry"],"yoast_head":"<!-- This site is optimized with the Yoast SEO plugin v27.4 - https:\/\/yoast.com\/product\/yoast-seo-wordpress\/ -->\n<title>Vagas de Emprego na Binatural | Binatural<\/title>\n<meta name=\"description\" content=\"Descubra as oportunidades de trabalho na Binatural e candidate-se \u00e0s vagas dispon\u00edveis em nossa equipe de forma r\u00e1pida e pr\u00e1tica.\" \/>\n<meta name=\"robots\" content=\"index, follow, max-snippet:-1, max-image-preview:large, max-video-preview:-1\" \/>\n<link rel=\"canonical\" href=\"https:\/\/binatural.com.br\/en\/vagas\/\" \/>\n<meta property=\"og:locale\" content=\"en_US\" \/>\n<meta property=\"og:type\" content=\"article\" \/>\n<meta property=\"og:title\" content=\"Vagas de Emprego na Binatural | Binatural\" \/>\n<meta property=\"og:description\" content=\"Descubra as oportunidades de trabalho na Binatural e candidate-se \u00e0s vagas dispon\u00edveis em nossa equipe de forma r\u00e1pida e pr\u00e1tica.\" \/>\n<meta property=\"og:url\" content=\"https:\/\/binatural.com.br\/en\/vagas\/\" \/>\n<meta property=\"og:site_name\" content=\"Binatural\" \/>\n<meta property=\"article:modified_time\" content=\"2025-10-05T20:01:46+00:00\" \/>\n<meta property=\"og:image\" content=\"https:\/\/binatural.com.br\/wp-content\/uploads\/2022\/01\/nosso-time.jpg\" \/>\n<meta name=\"twitter:card\" content=\"summary_large_image\" \/>\n<meta name=\"twitter:label1\" content=\"Est. reading time\" \/>\n\t<meta name=\"twitter:data1\" content=\"1 minute\" \/>\n<!-- \/ Yoast SEO plugin. -->","yoast_head_json":{"title":"Vagas de Emprego na Binatural | Binatural","description":"Descubra as oportunidades de trabalho na Binatural e candidate-se \u00e0s vagas dispon\u00edveis em nossa equipe de forma r\u00e1pida e pr\u00e1tica.","robots":{"index":"index","follow":"follow","max-snippet":"max-snippet:-1","max-image-preview":"max-image-preview:large","max-video-preview":"max-video-preview:-1"},"canonical":"https:\/\/binatural.com.br\/en\/vagas\/","og_locale":"en_US","og_type":"article","og_title":"Vagas de Emprego na Binatural | Binatural","og_description":"Descubra as oportunidades de trabalho na Binatural e candidate-se \u00e0s vagas dispon\u00edveis em nossa equipe de forma r\u00e1pida e pr\u00e1tica.","og_url":"https:\/\/binatural.com.br\/en\/vagas\/","og_site_name":"Binatural","article_modified_time":"2025-10-05T20:01:46+00:00","og_image":[{"url":"https:\/\/binatural.com.br\/wp-content\/uploads\/2022\/01\/nosso-time.jpg","type":"","width":"","height":""}],"twitter_card":"summary_large_image","twitter_misc":{"Est. reading time":"1 minute"},"schema":{"@context":"https:\/\/schema.org","@graph":[{"@type":"WebPage","@id":"https:\/\/binatural.com.br\/vagas\/","url":"https:\/\/binatural.com.br\/vagas\/","name":"Vagas de Emprego na Binatural | Binatural","isPartOf":{"@id":"https:\/\/binatural.com.br\/#website"},"primaryImageOfPage":{"@id":"https:\/\/binatural.com.br\/vagas\/#primaryimage"},"image":{"@id":"https:\/\/binatural.com.br\/vagas\/#primaryimage"},"thumbnailUrl":"https:\/\/binatural.com.br\/wp-content\/uploads\/2022\/01\/nosso-time.jpg","datePublished":"2022-02-22T21:58:48+00:00","dateModified":"2025-10-05T20:01:46+00:00","description":"Descubra as oportunidades de trabalho na Binatural e candidate-se \u00e0s vagas dispon\u00edveis em nossa equipe de forma r\u00e1pida e pr\u00e1tica.","breadcrumb":{"@id":"https:\/\/binatural.com.br\/vagas\/#breadcrumb"},"inLanguage":"en-US","potentialAction":[{"@type":"ReadAction","target":["https:\/\/binatural.com.br\/vagas\/"]}]},{"@type":"ImageObject","inLanguage":"en-US","@id":"https:\/\/binatural.com.br\/vagas\/#primaryimage","url":"https:\/\/binatural.com.br\/wp-content\/uploads\/2022\/01\/nosso-time.jpg","contentUrl":"https:\/\/binatural.com.br\/wp-content\/uploads\/2022\/01\/nosso-time.jpg"},{"@type":"BreadcrumbList","@id":"https:\/\/binatural.com.br\/vagas\/#breadcrumb","itemListElement":[{"@type":"ListItem","position":1,"name":"In\u00edcio","item":"https:\/\/binatural.com.br\/"},{"@type":"ListItem","position":2,"name":"Vagas"}]},{"@type":"WebSite","@id":"https:\/\/binatural.com.br\/#website","url":"https:\/\/binatural.com.br\/","name":"Binatural","description":"A Binatural foi uma das pioneiras na produ\u00e7\u00e3o de biodiesel no pa\u00eds, investindo em novas tecnologias, processos e m\u00e3o de obra.","publisher":{"@id":"https:\/\/binatural.com.br\/#organization"},"potentialAction":[{"@type":"SearchAction","target":{"@type":"EntryPoint","urlTemplate":"https:\/\/binatural.com.br\/?s={search_term_string}"},"query-input":{"@type":"PropertyValueSpecification","valueRequired":true,"valueName":"search_term_string"}}],"inLanguage":"en-US"},{"@type":"Organization","@id":"https:\/\/binatural.com.br\/#organization","name":"Binatural","url":"https:\/\/binatural.com.br\/","logo":{"@type":"ImageObject","inLanguage":"en-US","@id":"https:\/\/binatural.com.br\/#\/schema\/logo\/image\/","url":"https:\/\/binatural.com.br\/wp-content\/uploads\/2021\/12\/binatural.png","contentUrl":"https:\/\/binatural.com.br\/wp-content\/uploads\/2021\/12\/binatural.png","width":91,"height":80,"caption":"Binatural"},"image":{"@id":"https:\/\/binatural.com.br\/#\/schema\/logo\/image\/"}}]}},"_links":{"self":[{"href":"https:\/\/binatural.com.br\/en\/wp-json\/wp\/v2\/pages\/415","targetHints":{"allow":["GET"]}}],"collection":[{"href":"https:\/\/binatural.com.br\/en\/wp-json\/wp\/v2\/pages"}],"about":[{"href":"https:\/\/binatural.com.br\/en\/wp-json\/wp\/v2\/types\/page"}],"author":[{"embeddable":true,"href":"https:\/\/binatural.com.br\/en\/wp-json\/wp\/v2\/users\/1"}],"replies":[{"embeddable":true,"href":"https:\/\/binatural.com.br\/en\/wp-json\/wp\/v2\/comments?post=415"}],"version-history":[{"count":36,"href":"https:\/\/binatural.com.br\/en\/wp-json\/wp\/v2\/pages\/415\/revisions"}],"predecessor-version":[{"id":3982,"href":"https:\/\/binatural.com.br\/en\/wp-json\/wp\/v2\/pages\/415\/revisions\/3982"}],"wp:attachment":[{"href":"https:\/\/binatural.com.br\/en\/wp-json\/wp\/v2\/media?parent=415"}],"curies":[{"name":"wp","href":"https:\/\/api.w.org\/{rel}","templated":true}]}}