{"id":346,"date":"2022-01-23T19:24:09","date_gmt":"2022-01-23T22:24:09","guid":{"rendered":"https:\/\/binatural.com.br\/?page_id=346"},"modified":"2026-03-25T19:40:03","modified_gmt":"2026-03-25T22:40:03","slug":"nosso-time","status":"publish","type":"page","link":"https:\/\/binatural.com.br\/en\/nosso-time\/","title":{"rendered":"Our team"},"content":{"rendered":"<div data-elementor-type=\"wp-page\" data-elementor-id=\"346\" class=\"elementor elementor-346\" data-elementor-post-type=\"page\">\n\t\t\t\t\t\t<section class=\"elementor-section elementor-top-section elementor-element elementor-element-8e8f230 elementor-hidden-desktop elementor-hidden-tablet elementor-hidden-mobile elementor-section-boxed elementor-section-height-default elementor-section-height-default\" data-id=\"8e8f230\" data-element_type=\"section\" data-e-type=\"section\">\n\t\t\t\t\t\t<div class=\"elementor-container elementor-column-gap-default\">\n\t\t\t\t\t<div class=\"elementor-column elementor-col-100 elementor-top-column elementor-element elementor-element-ed03454\" data-id=\"ed03454\" data-element_type=\"column\" data-e-type=\"column\">\n\t\t\t<div class=\"elementor-widget-wrap elementor-element-populated\">\n\t\t\t\t\t\t<div class=\"elementor-element elementor-element-1b4e995 elementor-widget elementor-widget-heading\" data-id=\"1b4e995\" data-element_type=\"widget\" data-e-type=\"widget\" data-widget_type=\"heading.default\">\n\t\t\t\t<div class=\"elementor-widget-container\">\n\t\t\t\t\t<h1 class=\"elementor-heading-title elementor-size-default\">Nosso time<\/h1>\t\t\t\t<\/div>\n\t\t\t\t<\/div>\n\t\t\t\t\t<\/div>\n\t\t<\/div>\n\t\t\t\t\t<\/div>\n\t\t<\/section>\n\t\t\t\t<section class=\"elementor-section elementor-top-section elementor-element elementor-element-6d91a57 elementor-section-full_width elementor-section-stretched elementor-section-height-default elementor-section-height-default\" data-id=\"6d91a57\" data-element_type=\"section\" data-e-type=\"section\" data-settings=\"{&quot;stretch_section&quot;:&quot;section-stretched&quot;}\">\n\t\t\t\t\t\t<div class=\"elementor-container elementor-column-gap-no\">\n\t\t\t\t\t<div class=\"elementor-column elementor-col-100 elementor-top-column elementor-element elementor-element-54b76e8\" data-id=\"54b76e8\" data-element_type=\"column\" data-e-type=\"column\">\n\t\t\t<div class=\"elementor-widget-wrap elementor-element-populated\">\n\t\t\t\t\t\t<div class=\"elementor-element elementor-element-7f8c411 elementor-widget elementor-widget-image\" data-id=\"7f8c411\" data-element_type=\"widget\" data-e-type=\"widget\" data-widget_type=\"image.default\">\n\t\t\t\t<div class=\"elementor-widget-container\">\n\t\t\t\t\t\t\t\t\t\t\t\t\t\t\t<img fetchpriority=\"high\" decoding=\"async\" width=\"1803\" height=\"632\" src=\"https:\/\/binatural.com.br\/wp-content\/uploads\/2022\/07\/our-time.jpg\" class=\"attachment-full size-full wp-image-339\" alt=\"\" srcset=\"https:\/\/binatural.com.br\/wp-content\/uploads\/2022\/07\/our-time.jpg 1803w, https:\/\/binatural.com.br\/wp-content\/uploads\/2022\/07\/our-time-300x105.jpg 300w, https:\/\/binatural.com.br\/wp-content\/uploads\/2022\/07\/our-time-1024x359.jpg 1024w, https:\/\/binatural.com.br\/wp-content\/uploads\/2022\/07\/our-time-768x269.jpg 768w, https:\/\/binatural.com.br\/wp-content\/uploads\/2022\/07\/our-time-1536x538.jpg 1536w, https:\/\/binatural.com.br\/wp-content\/uploads\/2022\/07\/our-time-18x6.jpg 18w\" sizes=\"(max-width: 1803px) 100vw, 1803px\" \/>\t\t\t\t\t\t\t\t\t\t\t\t\t\t\t<\/div>\n\t\t\t\t<\/div>\n\t\t\t\t\t<\/div>\n\t\t<\/div>\n\t\t\t\t\t<\/div>\n\t\t<\/section>\n\t\t\t\t<section class=\"elementor-section elementor-top-section elementor-element elementor-element-045d8c5 elementor-section-boxed elementor-section-height-default elementor-section-height-default\" data-id=\"045d8c5\" data-element_type=\"section\" data-e-type=\"section\" data-settings=\"{&quot;background_background&quot;:&quot;classic&quot;}\">\n\t\t\t\t\t\t<div class=\"elementor-container elementor-column-gap-default\">\n\t\t\t\t\t<div class=\"elementor-column elementor-col-100 elementor-top-column elementor-element elementor-element-e8330b6\" data-id=\"e8330b6\" data-element_type=\"column\" data-e-type=\"column\">\n\t\t\t<div class=\"elementor-widget-wrap elementor-element-populated\">\n\t\t\t\t\t\t<div class=\"elementor-element elementor-element-2a758d9 elementor-widget elementor-widget-heading\" data-id=\"2a758d9\" data-element_type=\"widget\" data-e-type=\"widget\" data-widget_type=\"heading.default\">\n\t\t\t\t<div class=\"elementor-widget-container\">\n\t\t\t\t\t<h2 class=\"elementor-heading-title elementor-size-default\">Construa sua carreira com a gente<\/h2>\t\t\t\t<\/div>\n\t\t\t\t<\/div>\n\t\t\t\t<div class=\"elementor-element elementor-element-5485b05 elementor-widget elementor-widget-text-editor\" data-id=\"5485b05\" data-element_type=\"widget\" data-e-type=\"widget\" data-widget_type=\"text-editor.default\">\n\t\t\t\t<div class=\"elementor-widget-container\">\n\t\t\t\t\t\t\t\t\t<p><span style=\"font-weight: 400;\">Se voc\u00ea busca uma oportunidade de transformar o mundo atrav\u00e9s da sustentabilidade, o seu lugar \u00e9 aqui. Na <strong>Binatural<\/strong>, acreditamos que a energia que move o planeta deve ser renov\u00e1vel e, acima de tudo, feita por pessoas apaixonadas pelo que fazem.<\/span><\/p>\t\t\t\t\t\t\t\t<\/div>\n\t\t\t\t<\/div>\n\t\t\t\t<div class=\"elementor-element elementor-element-585e76f elementor-widget elementor-widget-heading\" data-id=\"585e76f\" data-element_type=\"widget\" data-e-type=\"widget\" data-widget_type=\"heading.default\">\n\t\t\t\t<div class=\"elementor-widget-container\">\n\t\t\t\t\t<h2 class=\"elementor-heading-title elementor-size-default\">Por que fazer parte do Time Binatural?<\/h2>\t\t\t\t<\/div>\n\t\t\t\t<\/div>\n\t\t\t\t<div class=\"elementor-element elementor-element-0a2c091 elementor-widget elementor-widget-text-editor\" data-id=\"0a2c091\" data-element_type=\"widget\" data-e-type=\"widget\" data-widget_type=\"text-editor.default\">\n\t\t\t\t<div class=\"elementor-widget-container\">\n\t\t\t\t\t\t\t\t\t<p>Fazer parte do nosso time significa estar na linha de frente da transi\u00e7\u00e3o energ\u00e9tica brasileira. Desde 2006, somos refer\u00eancia na produ\u00e7\u00e3o de biodiesel, impactando positivamente a economia e o meio ambiente. Aqui, voc\u00ea encontrar\u00e1 um ambiente que valoriza a inova\u00e7\u00e3o e o compromisso com um futuro.<\/p>\t\t\t\t\t\t\t\t<\/div>\n\t\t\t\t<\/div>\n\t\t\t\t<div class=\"elementor-element elementor-element-12f29ef elementor-widget elementor-widget-heading\" data-id=\"12f29ef\" data-element_type=\"widget\" data-e-type=\"widget\" data-widget_type=\"heading.default\">\n\t\t\t\t<div class=\"elementor-widget-container\">\n\t\t\t\t\t<h2 class=\"elementor-heading-title elementor-size-default\">Nossos Diferenciais<\/h2>\t\t\t\t<\/div>\n\t\t\t\t<\/div>\n\t\t\t\t<div class=\"elementor-element elementor-element-6a5a738 elementor-position-left elementor-vertical-align-middle elementor-invisible elementor-widget elementor-widget-image-box\" data-id=\"6a5a738\" data-element_type=\"widget\" data-e-type=\"widget\" data-settings=\"{&quot;_animation&quot;:&quot;fadeInUp&quot;}\" data-widget_type=\"image-box.default\">\n\t\t\t\t<div class=\"elementor-widget-container\">\n\t\t\t\t\t<div class=\"elementor-image-box-wrapper\"><figure class=\"elementor-image-box-img\"><img decoding=\"async\" src=\"https:\/\/binatural.com.br\/wp-content\/uploads\/elementor\/thumbs\/sustentabilidade_na_pratica-rl1rdj00z0wr8alteorisik3h9mad3e2bgi8hikmi0.png\" title=\"sustentabilidade_na_pratica\" alt=\"sustentabilidade_na_pratica\" loading=\"lazy\" \/><\/figure><div class=\"elementor-image-box-content\"><h3 class=\"elementor-image-box-title\">Sustentabilidade na Pr\u00e1tica<\/h3><p class=\"elementor-image-box-description\">Trabalhe com biodiesel, um produto que reduz a emiss\u00e3o de gases poluentes e preserva a natureza<\/p><\/div><\/div>\t\t\t\t<\/div>\n\t\t\t\t<\/div>\n\t\t\t\t<div class=\"elementor-element elementor-element-af0bb0a elementor-position-left elementor-vertical-align-middle elementor-invisible elementor-widget elementor-widget-image-box\" data-id=\"af0bb0a\" data-element_type=\"widget\" data-e-type=\"widget\" data-settings=\"{&quot;_animation&quot;:&quot;fadeInUp&quot;}\" data-widget_type=\"image-box.default\">\n\t\t\t\t<div class=\"elementor-widget-container\">\n\t\t\t\t\t<div class=\"elementor-image-box-wrapper\"><figure class=\"elementor-image-box-img\"><img decoding=\"async\" src=\"https:\/\/binatural.com.br\/wp-content\/uploads\/elementor\/thumbs\/crescimento-profissional-rl1r1s0njktq3ro80lxemhao5vj45aqupaxqizzsa0.png\" title=\"crescimento-profissional\" alt=\"crescimento-profissional\" loading=\"lazy\" \/><\/figure><div class=\"elementor-image-box-content\"><h3 class=\"elementor-image-box-title\">Crescimento Profissional<\/h3><p class=\"elementor-image-box-description\">Valorizamos talentos que desejam evoluir e oferecemos um ambiente prop\u00edcio para o desenvolvimento de novas compet\u00eancias.<\/p><\/div><\/div>\t\t\t\t<\/div>\n\t\t\t\t<\/div>\n\t\t\t\t<div class=\"elementor-element elementor-element-b81ef4d elementor-position-left elementor-vertical-align-middle elementor-invisible elementor-widget elementor-widget-image-box\" data-id=\"b81ef4d\" data-element_type=\"widget\" data-e-type=\"widget\" data-settings=\"{&quot;_animation&quot;:&quot;fadeInUp&quot;}\" data-widget_type=\"image-box.default\">\n\t\t\t\t<div class=\"elementor-widget-container\">\n\t\t\t\t\t<div class=\"elementor-image-box-wrapper\"><figure class=\"elementor-image-box-img\"><img decoding=\"async\" src=\"https:\/\/binatural.com.br\/wp-content\/uploads\/elementor\/thumbs\/energia-positiva-rl1r1s0njktq3ro80lxemhao5vj45aqupaxqizzsa0.png\" title=\"energia-positiva\" alt=\"energia-positiva\" loading=\"lazy\" \/><\/figure><div class=\"elementor-image-box-content\"><h3 class=\"elementor-image-box-title\">Energia Positiva<\/h3><p class=\"elementor-image-box-description\">Nossa cultura \u00e9 baseada na colabora\u00e7\u00e3o, no respeito e no engajamento de uma equipe colaborativa.<\/p><\/div><\/div>\t\t\t\t<\/div>\n\t\t\t\t<\/div>\n\t\t\t\t<div class=\"elementor-element elementor-element-f9fd24a elementor-widget elementor-widget-heading\" data-id=\"f9fd24a\" data-element_type=\"widget\" data-e-type=\"widget\" data-widget_type=\"heading.default\">\n\t\t\t\t<div class=\"elementor-widget-container\">\n\t\t\t\t\t<h2 class=\"elementor-heading-title elementor-size-default\">Nossa Cultura e Valores<\/h2>\t\t\t\t<\/div>\n\t\t\t\t<\/div>\n\t\t\t\t<div class=\"elementor-element elementor-element-9acc510 elementor-widget elementor-widget-text-editor\" data-id=\"9acc510\" data-element_type=\"widget\" data-e-type=\"widget\" data-widget_type=\"text-editor.default\">\n\t\t\t\t<div class=\"elementor-widget-container\">\n\t\t\t\t\t\t\t\t\t<p>Na Binatural, a nossa \u201cenergia boa\u201d n\u00e3o \u00e9 apenas um slogan, \u00e9 o nosso modo de trabalhar. Buscamos profissionais que se identifiquem com nossos valores de \u00e9tica, transpar\u00eancia e responsabilidade socioambiental. Seja nas nossas unidades industriais ou no administrativo, cada colaborador \u00e9 essencial para levarmos essa energia para todo o pa\u00eds.<\/p>\t\t\t\t\t\t\t\t<\/div>\n\t\t\t\t<\/div>\n\t\t\t\t\t<\/div>\n\t\t<\/div>\n\t\t\t\t\t<\/div>\n\t\t<\/section>\n\t\t\t\t<section class=\"elementor-section elementor-top-section elementor-element elementor-element-3b88748 elementor-section-full_width elementor-section-stretched elementor-section-height-default elementor-section-height-default\" data-id=\"3b88748\" data-element_type=\"section\" data-e-type=\"section\" data-settings=\"{&quot;stretch_section&quot;:&quot;section-stretched&quot;,&quot;background_background&quot;:&quot;classic&quot;}\">\n\t\t\t\t\t\t<div class=\"elementor-container elementor-column-gap-default\">\n\t\t\t\t\t<div class=\"elementor-column elementor-col-33 elementor-top-column elementor-element elementor-element-6059a04\" data-id=\"6059a04\" data-element_type=\"column\" data-e-type=\"column\">\n\t\t\t<div class=\"elementor-widget-wrap\">\n\t\t\t\t\t\t\t<\/div>\n\t\t<\/div>\n\t\t\t\t<div class=\"elementor-column elementor-col-33 elementor-top-column elementor-element elementor-element-74076a5 elementor-invisible\" data-id=\"74076a5\" data-element_type=\"column\" data-e-type=\"column\" data-settings=\"{&quot;animation&quot;:&quot;fadeIn&quot;}\">\n\t\t\t<div class=\"elementor-widget-wrap elementor-element-populated\">\n\t\t\t\t\t\t<div class=\"elementor-element elementor-element-1877777 elementor-widget elementor-widget-heading\" data-id=\"1877777\" data-element_type=\"widget\" data-e-type=\"widget\" data-widget_type=\"heading.default\">\n\t\t\t\t<div class=\"elementor-widget-container\">\n\t\t\t\t\t<h2 class=\"elementor-heading-title elementor-size-default\">Conhe\u00e7a nossas vagas e candidate-se!<\/h2>\t\t\t\t<\/div>\n\t\t\t\t<\/div>\n\t\t\t\t<div class=\"elementor-element elementor-element-75a8cb6 elementor-widget elementor-widget-text-editor\" data-id=\"75a8cb6\" data-element_type=\"widget\" data-e-type=\"widget\" data-widget_type=\"text-editor.default\">\n\t\t\t\t<div class=\"elementor-widget-container\">\n\t\t\t\t\t\t\t\t\t<p style=\"text-align: center;\">Clique no bot\u00e3o abaixo para acessar nosso portal de<br \/>carreiras, conferir as oportunidades abertas.<\/p>\t\t\t\t\t\t\t\t<\/div>\n\t\t\t\t<\/div>\n\t\t\t\t<div class=\"elementor-element elementor-element-4591728 elementor-align-center elementor-widget elementor-widget-button\" data-id=\"4591728\" data-element_type=\"widget\" data-e-type=\"widget\" data-widget_type=\"button.default\">\n\t\t\t\t<div class=\"elementor-widget-container\">\n\t\t\t\t\t\t\t\t\t<div class=\"elementor-button-wrapper\">\n\t\t\t\t\t<a class=\"elementor-button elementor-button-link elementor-size-sm\" href=\"https:\/\/prd-pc1.lg.com.br\/Vagas\/c\/A2AD2CE1-C761-4AE6-8ED1-2A28EDAB9D01\/p\/portaldevagas\/pt-BR\/PaginaCarreira\/Index\" target=\"_blank\">\n\t\t\t\t\t\t<span class=\"elementor-button-content-wrapper\">\n\t\t\t\t\t\t\t\t\t<span class=\"elementor-button-text\">CONHE\u00c7A NOSSAS VAGAS <\/span>\n\t\t\t\t\t<\/span>\n\t\t\t\t\t<\/a>\n\t\t\t\t<\/div>\n\t\t\t\t\t\t\t\t<\/div>\n\t\t\t\t<\/div>\n\t\t\t\t\t<\/div>\n\t\t<\/div>\n\t\t\t\t<div class=\"elementor-column elementor-col-33 elementor-top-column elementor-element elementor-element-c98391b\" data-id=\"c98391b\" data-element_type=\"column\" data-e-type=\"column\">\n\t\t\t<div class=\"elementor-widget-wrap\">\n\t\t\t\t\t\t\t<\/div>\n\t\t<\/div>\n\t\t\t\t\t<\/div>\n\t\t<\/section>\n\t\t\t\t<\/div>","protected":false},"excerpt":{"rendered":"<p>Nosso time Construa sua carreira com a gente Se voc\u00ea busca uma oportunidade de transformar o mundo atrav\u00e9s da sustentabilidade, o seu lugar \u00e9 aqui. Na Binatural, acreditamos que a energia que move o planeta deve ser renov\u00e1vel e, acima de tudo, feita por pessoas apaixonadas pelo que fazem. Por que fazer parte do Time [&hellip;]<\/p>\n","protected":false},"author":1,"featured_media":0,"parent":0,"menu_order":0,"comment_status":"closed","ping_status":"closed","template":"time.php","meta":{"footnotes":""},"class_list":["post-346","page","type-page","status-publish","hentry"],"yoast_head":"<!-- This site is optimized with the Yoast SEO plugin v27.6 - https:\/\/yoast.com\/product\/yoast-seo-wordpress\/ -->\n<title>Conhe\u00e7a Nosso Time | Binatural<\/title>\n<meta name=\"description\" content=\"Conhe\u00e7a a equipe Binatural e descubra os profissionais dedicados a oferecer produtos naturais, atendimento e servi\u00e7os de excel\u00eancia.\" \/>\n<meta name=\"robots\" content=\"index, follow, max-snippet:-1, max-image-preview:large, max-video-preview:-1\" \/>\n<link rel=\"canonical\" href=\"https:\/\/binatural.com.br\/en\/nosso-time\/\" \/>\n<meta property=\"og:locale\" content=\"en_US\" \/>\n<meta property=\"og:type\" content=\"article\" \/>\n<meta property=\"og:title\" content=\"Conhe\u00e7a Nosso Time | Binatural\" \/>\n<meta property=\"og:description\" content=\"Conhe\u00e7a a equipe Binatural e descubra os profissionais dedicados a oferecer produtos naturais, atendimento e servi\u00e7os de excel\u00eancia.\" \/>\n<meta property=\"og:url\" content=\"https:\/\/binatural.com.br\/en\/nosso-time\/\" \/>\n<meta property=\"og:site_name\" content=\"Binatural\" \/>\n<meta property=\"article:modified_time\" content=\"2026-03-25T22:40:03+00:00\" \/>\n<meta property=\"og:image\" content=\"https:\/\/binatural.com.br\/wp-content\/uploads\/2022\/01\/nosso-time.jpg\" \/>\n\t<meta property=\"og:image:width\" content=\"1803\" \/>\n\t<meta property=\"og:image:height\" content=\"632\" \/>\n\t<meta property=\"og:image:type\" content=\"image\/jpeg\" \/>\n<meta name=\"twitter:card\" content=\"summary_large_image\" \/>\n<meta name=\"twitter:label1\" content=\"Est. reading time\" \/>\n\t<meta name=\"twitter:data1\" content=\"3 minutes\" \/>\n<!-- \/ Yoast SEO plugin. -->","yoast_head_json":{"title":"Conhe\u00e7a Nosso Time | Binatural","description":"Conhe\u00e7a a equipe Binatural e descubra os profissionais dedicados a oferecer produtos naturais, atendimento e servi\u00e7os de excel\u00eancia.","robots":{"index":"index","follow":"follow","max-snippet":"max-snippet:-1","max-image-preview":"max-image-preview:large","max-video-preview":"max-video-preview:-1"},"canonical":"https:\/\/binatural.com.br\/en\/nosso-time\/","og_locale":"en_US","og_type":"article","og_title":"Conhe\u00e7a Nosso Time | Binatural","og_description":"Conhe\u00e7a a equipe Binatural e descubra os profissionais dedicados a oferecer produtos naturais, atendimento e servi\u00e7os de excel\u00eancia.","og_url":"https:\/\/binatural.com.br\/en\/nosso-time\/","og_site_name":"Binatural","article_modified_time":"2026-03-25T22:40:03+00:00","og_image":[{"width":1803,"height":632,"url":"https:\/\/binatural.com.br\/wp-content\/uploads\/2022\/01\/nosso-time.jpg","type":"image\/jpeg"}],"twitter_card":"summary_large_image","twitter_misc":{"Est. reading time":"3 minutes"},"schema":{"@context":"https:\/\/schema.org","@graph":[{"@type":"WebPage","@id":"https:\/\/binatural.com.br\/nosso-time\/","url":"https:\/\/binatural.com.br\/nosso-time\/","name":"Conhe\u00e7a Nosso Time | Binatural","isPartOf":{"@id":"https:\/\/binatural.com.br\/#website"},"primaryImageOfPage":{"@id":"https:\/\/binatural.com.br\/nosso-time\/#primaryimage"},"image":{"@id":"https:\/\/binatural.com.br\/nosso-time\/#primaryimage"},"thumbnailUrl":"https:\/\/binatural.com.br\/wp-content\/uploads\/2022\/01\/nosso-time.jpg","datePublished":"2022-01-23T22:24:09+00:00","dateModified":"2026-03-25T22:40:03+00:00","description":"Conhe\u00e7a a equipe Binatural e descubra os profissionais dedicados a oferecer produtos naturais, atendimento e servi\u00e7os de excel\u00eancia.","breadcrumb":{"@id":"https:\/\/binatural.com.br\/nosso-time\/#breadcrumb"},"inLanguage":"en-US","potentialAction":[{"@type":"ReadAction","target":["https:\/\/binatural.com.br\/nosso-time\/"]}]},{"@type":"ImageObject","inLanguage":"en-US","@id":"https:\/\/binatural.com.br\/nosso-time\/#primaryimage","url":"https:\/\/binatural.com.br\/wp-content\/uploads\/2022\/01\/nosso-time.jpg","contentUrl":"https:\/\/binatural.com.br\/wp-content\/uploads\/2022\/01\/nosso-time.jpg"},{"@type":"BreadcrumbList","@id":"https:\/\/binatural.com.br\/nosso-time\/#breadcrumb","itemListElement":[{"@type":"ListItem","position":1,"name":"In\u00edcio","item":"https:\/\/binatural.com.br\/"},{"@type":"ListItem","position":2,"name":"Nosso Time"}]},{"@type":"WebSite","@id":"https:\/\/binatural.com.br\/#website","url":"https:\/\/binatural.com.br\/","name":"Binatural","description":"A Binatural foi uma das pioneiras na produ\u00e7\u00e3o de biodiesel no pa\u00eds, investindo em novas tecnologias, processos e m\u00e3o de obra.","publisher":{"@id":"https:\/\/binatural.com.br\/#organization"},"potentialAction":[{"@type":"SearchAction","target":{"@type":"EntryPoint","urlTemplate":"https:\/\/binatural.com.br\/?s={search_term_string}"},"query-input":{"@type":"PropertyValueSpecification","valueRequired":true,"valueName":"search_term_string"}}],"inLanguage":"en-US"},{"@type":"Organization","@id":"https:\/\/binatural.com.br\/#organization","name":"Binatural","url":"https:\/\/binatural.com.br\/","logo":{"@type":"ImageObject","inLanguage":"en-US","@id":"https:\/\/binatural.com.br\/#\/schema\/logo\/image\/","url":"https:\/\/binatural.com.br\/wp-content\/uploads\/2021\/12\/binatural.png","contentUrl":"https:\/\/binatural.com.br\/wp-content\/uploads\/2021\/12\/binatural.png","width":91,"height":80,"caption":"Binatural"},"image":{"@id":"https:\/\/binatural.com.br\/#\/schema\/logo\/image\/"}}]}},"_links":{"self":[{"href":"https:\/\/binatural.com.br\/en\/wp-json\/wp\/v2\/pages\/346","targetHints":{"allow":["GET"]}}],"collection":[{"href":"https:\/\/binatural.com.br\/en\/wp-json\/wp\/v2\/pages"}],"about":[{"href":"https:\/\/binatural.com.br\/en\/wp-json\/wp\/v2\/types\/page"}],"author":[{"embeddable":true,"href":"https:\/\/binatural.com.br\/en\/wp-json\/wp\/v2\/users\/1"}],"replies":[{"embeddable":true,"href":"https:\/\/binatural.com.br\/en\/wp-json\/wp\/v2\/comments?post=346"}],"version-history":[{"count":94,"href":"https:\/\/binatural.com.br\/en\/wp-json\/wp\/v2\/pages\/346\/revisions"}],"predecessor-version":[{"id":5024,"href":"https:\/\/binatural.com.br\/en\/wp-json\/wp\/v2\/pages\/346\/revisions\/5024"}],"wp:attachment":[{"href":"https:\/\/binatural.com.br\/en\/wp-json\/wp\/v2\/media?parent=346"}],"curies":[{"name":"wp","href":"https:\/\/api.w.org\/{rel}","templated":true}]}}