{"id":338,"date":"2022-01-23T19:21:57","date_gmt":"2022-01-23T22:21:57","guid":{"rendered":"https:\/\/binatural.com.br\/?page_id=338"},"modified":"2025-10-03T17:45:32","modified_gmt":"2025-10-03T20:45:32","slug":"responsabilidade-social","status":"publish","type":"page","link":"https:\/\/binatural.com.br\/en\/responsabilidade-social\/","title":{"rendered":"Social Responsability"},"content":{"rendered":"<div data-elementor-type=\"wp-page\" data-elementor-id=\"338\" class=\"elementor elementor-338\" data-elementor-post-type=\"page\">\n\t\t\t\t\t\t<section class=\"elementor-section elementor-top-section elementor-element elementor-element-830727a elementor-section-boxed elementor-section-height-default elementor-section-height-default\" data-id=\"830727a\" data-element_type=\"section\" data-e-type=\"section\">\n\t\t\t\t\t\t<div class=\"elementor-container elementor-column-gap-default\">\n\t\t\t\t\t<div class=\"elementor-column elementor-col-50 elementor-top-column elementor-element elementor-element-59ca766 elementor-invisible\" data-id=\"59ca766\" data-element_type=\"column\" data-e-type=\"column\" data-settings=\"{&quot;animation&quot;:&quot;fadeInLeft&quot;}\">\n\t\t\t<div class=\"elementor-widget-wrap elementor-element-populated\">\n\t\t\t\t\t\t<div class=\"elementor-element elementor-element-3fc5d16 page-heading elementor-widget elementor-widget-text-editor\" data-id=\"3fc5d16\" data-element_type=\"widget\" data-e-type=\"widget\" data-widget_type=\"text-editor.default\">\n\t\t\t\t<div class=\"elementor-widget-container\">\n\t\t\t\t\t\t\t\t\t<h1 style=\"text-align: right; color: #0d2f23;\" class=\"translation-block\">Social<br>responsability<\/h1><p style=\"text-align: right;\">Binatural is part of the National Program for the Production and Use of Biodiesel (PNPB), which aims not only to stimulate the production of biofuel, but also to promote support for family farming in its production chain. That's why we have the Social Fuel Seal, which identifies companies that are active and recognized by the program.<\/p><p style=\"text-align: right;\">Whoever has the seal is the enabler of projects for the social inclusion of family farmers classified under Pronaf. The biodiesel producer must previously enter into contracts with all family farmers or their agricultural cooperatives.<\/p><p style=\"text-align: right;\">In order to grant, maintain and use the Social Fuel Seal, certain rules must be followed. In practice, this means:<\/p><p style=\"text-align: right;\"><em>Acquire a minimum percentage of raw material from family farmers in the year of biodiesel production (10% until the 2009\/2010 harvest, 15% from the 2010\/2011 harvest onwards for purchases from the North and Midwest regions; and 30% for acquisitions from the South, Southeast, Northeast and Semi-Arid regions, from the date of publication of the instruction).<\/em><\/p><p style=\"text-align: right;\"><em>Previously enter into contracts for the purchase and sale of raw materials with family farmers or their cooperatives, with the consent of an entity representing family farming in that municipality and\/or state. Ensure training and technical assistance to these contracted family farmers.<\/em><\/p>\t\t\t\t\t\t\t\t<\/div>\n\t\t\t\t<\/div>\n\t\t\t\t\t<\/div>\n\t\t<\/div>\n\t\t\t\t<div class=\"elementor-column elementor-col-50 elementor-top-column elementor-element elementor-element-5e19810 elementor-invisible\" data-id=\"5e19810\" data-element_type=\"column\" data-e-type=\"column\" data-settings=\"{&quot;background_background&quot;:&quot;classic&quot;,&quot;animation&quot;:&quot;fadeInRight&quot;}\">\n\t\t\t<div class=\"elementor-widget-wrap elementor-element-populated\">\n\t\t\t\t\t\t<div class=\"elementor-element elementor-element-f286d95 elementor-widget__width-auto elementor-widget elementor-widget-image\" data-id=\"f286d95\" data-element_type=\"widget\" data-e-type=\"widget\" data-widget_type=\"image.default\">\n\t\t\t\t<div class=\"elementor-widget-container\">\n\t\t\t\t\t\t\t\t\t\t\t\t\t\t\t<img fetchpriority=\"high\" decoding=\"async\" width=\"594\" height=\"600\" src=\"https:\/\/binatural.com.br\/wp-content\/uploads\/2022\/01\/responsabilidade.jpg\" class=\"attachment-large size-large wp-image-340\" alt=\"\" srcset=\"https:\/\/binatural.com.br\/wp-content\/uploads\/2022\/01\/responsabilidade.jpg 594w, https:\/\/binatural.com.br\/wp-content\/uploads\/2022\/01\/responsabilidade-297x300.jpg 297w\" sizes=\"(max-width: 594px) 100vw, 594px\" \/>\t\t\t\t\t\t\t\t\t\t\t\t\t\t\t<\/div>\n\t\t\t\t<\/div>\n\t\t\t\t<div class=\"elementor-element elementor-element-f4b1ba6 p-4 box-2 elementor-widget elementor-widget-text-editor\" data-id=\"f4b1ba6\" data-element_type=\"widget\" data-e-type=\"widget\" data-widget_type=\"text-editor.default\">\n\t\t\t\t<div class=\"elementor-widget-container\">\n\t\t\t\t\t\t\t\t\t<h3 style=\"text-align: center;\">INCENTIVE TO<br \/>AGRICULTURE<br \/>FAMILY<\/h3>\t\t\t\t\t\t\t\t<\/div>\n\t\t\t\t<\/div>\n\t\t\t\t\t<\/div>\n\t\t<\/div>\n\t\t\t\t\t<\/div>\n\t\t<\/section>\n\t\t\t\t<section class=\"elementor-section elementor-top-section elementor-element elementor-element-1cafe24 elementor-section-boxed elementor-section-height-default elementor-section-height-default\" data-id=\"1cafe24\" data-element_type=\"section\" data-e-type=\"section\">\n\t\t\t\t\t\t<div class=\"elementor-container elementor-column-gap-default\">\n\t\t\t\t\t<div class=\"elementor-column elementor-col-50 elementor-top-column elementor-element elementor-element-c25fc21 elementor-invisible\" data-id=\"c25fc21\" data-element_type=\"column\" data-e-type=\"column\" data-settings=\"{&quot;background_background&quot;:&quot;classic&quot;,&quot;animation&quot;:&quot;fadeInLeft&quot;}\">\n\t\t\t<div class=\"elementor-widget-wrap elementor-element-populated\">\n\t\t\t\t\t\t<div class=\"elementor-element elementor-element-6d7a46c elementor-widget__width-auto elementor-widget elementor-widget-image\" data-id=\"6d7a46c\" data-element_type=\"widget\" data-e-type=\"widget\" data-widget_type=\"image.default\">\n\t\t\t\t<div class=\"elementor-widget-container\">\n\t\t\t\t\t\t\t\t\t\t\t\t\t\t\t<img decoding=\"async\" width=\"594\" height=\"530\" src=\"https:\/\/binatural.com.br\/wp-content\/uploads\/2022\/01\/responsabilidade-3.jpg\" class=\"attachment-large size-large wp-image-342\" alt=\"\" srcset=\"https:\/\/binatural.com.br\/wp-content\/uploads\/2022\/01\/responsabilidade-3.jpg 594w, https:\/\/binatural.com.br\/wp-content\/uploads\/2022\/01\/responsabilidade-3-300x268.jpg 300w\" sizes=\"(max-width: 594px) 100vw, 594px\" \/>\t\t\t\t\t\t\t\t\t\t\t\t\t\t\t<\/div>\n\t\t\t\t<\/div>\n\t\t\t\t<div class=\"elementor-element elementor-element-ceb849b p-4 box-2 elementor-widget elementor-widget-text-editor\" data-id=\"ceb849b\" data-element_type=\"widget\" data-e-type=\"widget\" data-widget_type=\"text-editor.default\">\n\t\t\t\t<div class=\"elementor-widget-container\">\n\t\t\t\t\t\t\t\t\t<h3 style=\"text-align: center;\">COMMITMENT TO<br \/>THE ENVIRONMENT<br \/>AND TO HEALTH<\/h3>\t\t\t\t\t\t\t\t<\/div>\n\t\t\t\t<\/div>\n\t\t\t\t\t<\/div>\n\t\t<\/div>\n\t\t\t\t<div class=\"elementor-column elementor-col-50 elementor-top-column elementor-element elementor-element-03fd7e9 elementor-invisible\" data-id=\"03fd7e9\" data-element_type=\"column\" data-e-type=\"column\" data-settings=\"{&quot;animation&quot;:&quot;fadeInRight&quot;}\">\n\t\t\t<div class=\"elementor-widget-wrap elementor-element-populated\">\n\t\t\t\t\t\t<div class=\"elementor-element elementor-element-cc55d1a page-heading elementor-widget elementor-widget-text-editor\" data-id=\"cc55d1a\" data-element_type=\"widget\" data-e-type=\"widget\" data-widget_type=\"text-editor.default\">\n\t\t\t\t<div class=\"elementor-widget-container\">\n\t\t\t\t\t\t\t\t\t<h2 class=\"translation-block\"><span style=\"color: #0d2f23\">Environmental <\/span><br><span style=\"color: #0d2f23\">responsibility<\/span><\/h2>\n<p>Binatural is a company specialized in biofuel and chose this product, also, due to the desire to act with environmental responsibility.<\/p>\n<p>Since 2006, we have been committed to creating a renewable, clean and prosperous product, positively impacting the lives of man and nature.<\/p>\n<p>Biodiesel is clean and renewable energy that drives the economy, family farming and other raw material supply markets.<\/p>\n<p>The production process used by Binatural is completely closed and relies on recycling and full reuse of the water used, being exempt from the generation of industrial effluents.<\/p>\n<p>Thus, we can say that our energy is dedicated and active also for the preservation of the environment.<\/p>\t\t\t\t\t\t\t\t<\/div>\n\t\t\t\t<\/div>\n\t\t\t\t\t<\/div>\n\t\t<\/div>\n\t\t\t\t\t<\/div>\n\t\t<\/section>\n\t\t\t\t<\/div>","protected":false},"excerpt":{"rendered":"<p>ResponsabilidadeSocial A Binatural faz parte do Programa Nacional de Produ\u00e7\u00e3o e Uso de Biodiesel (PNPB), que visa al\u00e9m de estimular a produ\u00e7\u00e3o do biocombust\u00edvel, promover o apoio \u00e0 agricultura familiar na sua cadeia de produ\u00e7\u00e3o. Por isso, temos o Selo Combust\u00edvel Social, que identifica as empresas atuantes e reconhecidas pelo programa. Quem possui o selo [&hellip;]<\/p>\n","protected":false},"author":1,"featured_media":0,"parent":0,"menu_order":0,"comment_status":"closed","ping_status":"closed","template":"responsabilidade.php","meta":{"footnotes":""},"class_list":["post-338","page","type-page","status-publish","hentry"],"yoast_head":"<!-- This site is optimized with the Yoast SEO plugin v27.4 - https:\/\/yoast.com\/product\/yoast-seo-wordpress\/ -->\n<title>Responsabilidade Social - Binatural<\/title>\n<meta name=\"description\" content=\"Conhe\u00e7a as iniciativas de responsabilidade social da Binatural, promovendo sustentabilidade, apoio \u00e0 comunidade e projetos sociais.\" \/>\n<meta name=\"robots\" content=\"index, follow, max-snippet:-1, max-image-preview:large, max-video-preview:-1\" \/>\n<link rel=\"canonical\" href=\"https:\/\/binatural.com.br\/en\/responsabilidade-social\/\" \/>\n<meta property=\"og:locale\" content=\"en_US\" \/>\n<meta property=\"og:type\" content=\"article\" \/>\n<meta property=\"og:title\" content=\"Responsabilidade Social - Binatural\" \/>\n<meta property=\"og:description\" content=\"Conhe\u00e7a as iniciativas de responsabilidade social da Binatural, promovendo sustentabilidade, apoio \u00e0 comunidade e projetos sociais.\" \/>\n<meta property=\"og:url\" content=\"https:\/\/binatural.com.br\/en\/responsabilidade-social\/\" \/>\n<meta property=\"og:site_name\" content=\"Binatural\" \/>\n<meta property=\"article:modified_time\" content=\"2025-10-03T20:45:32+00:00\" \/>\n<meta property=\"og:image\" content=\"https:\/\/binatural.com.br\/wp-content\/uploads\/2022\/01\/responsabilidade.jpg\" \/>\n\t<meta property=\"og:image:width\" content=\"594\" \/>\n\t<meta property=\"og:image:height\" content=\"600\" \/>\n\t<meta property=\"og:image:type\" content=\"image\/jpeg\" \/>\n<meta name=\"twitter:card\" content=\"summary_large_image\" \/>\n<meta name=\"twitter:label1\" content=\"Est. reading time\" \/>\n\t<meta name=\"twitter:data1\" content=\"3 minutes\" \/>\n<!-- \/ Yoast SEO plugin. -->","yoast_head_json":{"title":"Responsabilidade Social - Binatural","description":"Conhe\u00e7a as iniciativas de responsabilidade social da Binatural, promovendo sustentabilidade, apoio \u00e0 comunidade e projetos sociais.","robots":{"index":"index","follow":"follow","max-snippet":"max-snippet:-1","max-image-preview":"max-image-preview:large","max-video-preview":"max-video-preview:-1"},"canonical":"https:\/\/binatural.com.br\/en\/responsabilidade-social\/","og_locale":"en_US","og_type":"article","og_title":"Responsabilidade Social - Binatural","og_description":"Conhe\u00e7a as iniciativas de responsabilidade social da Binatural, promovendo sustentabilidade, apoio \u00e0 comunidade e projetos sociais.","og_url":"https:\/\/binatural.com.br\/en\/responsabilidade-social\/","og_site_name":"Binatural","article_modified_time":"2025-10-03T20:45:32+00:00","og_image":[{"width":594,"height":600,"url":"https:\/\/binatural.com.br\/wp-content\/uploads\/2022\/01\/responsabilidade.jpg","type":"image\/jpeg"}],"twitter_card":"summary_large_image","twitter_misc":{"Est. reading time":"3 minutes"},"schema":{"@context":"https:\/\/schema.org","@graph":[{"@type":"WebPage","@id":"https:\/\/binatural.com.br\/responsabilidade-social\/","url":"https:\/\/binatural.com.br\/responsabilidade-social\/","name":"Responsabilidade Social - Binatural","isPartOf":{"@id":"https:\/\/binatural.com.br\/#website"},"primaryImageOfPage":{"@id":"https:\/\/binatural.com.br\/responsabilidade-social\/#primaryimage"},"image":{"@id":"https:\/\/binatural.com.br\/responsabilidade-social\/#primaryimage"},"thumbnailUrl":"https:\/\/binatural.com.br\/wp-content\/uploads\/2022\/01\/responsabilidade.jpg","datePublished":"2022-01-23T22:21:57+00:00","dateModified":"2025-10-03T20:45:32+00:00","description":"Conhe\u00e7a as iniciativas de responsabilidade social da Binatural, promovendo sustentabilidade, apoio \u00e0 comunidade e projetos sociais.","breadcrumb":{"@id":"https:\/\/binatural.com.br\/responsabilidade-social\/#breadcrumb"},"inLanguage":"en-US","potentialAction":[{"@type":"ReadAction","target":["https:\/\/binatural.com.br\/responsabilidade-social\/"]}]},{"@type":"ImageObject","inLanguage":"en-US","@id":"https:\/\/binatural.com.br\/responsabilidade-social\/#primaryimage","url":"https:\/\/binatural.com.br\/wp-content\/uploads\/2022\/01\/responsabilidade.jpg","contentUrl":"https:\/\/binatural.com.br\/wp-content\/uploads\/2022\/01\/responsabilidade.jpg"},{"@type":"BreadcrumbList","@id":"https:\/\/binatural.com.br\/responsabilidade-social\/#breadcrumb","itemListElement":[{"@type":"ListItem","position":1,"name":"In\u00edcio","item":"https:\/\/binatural.com.br\/"},{"@type":"ListItem","position":2,"name":"Responsabilidade Social"}]},{"@type":"WebSite","@id":"https:\/\/binatural.com.br\/#website","url":"https:\/\/binatural.com.br\/","name":"Binatural","description":"A Binatural foi uma das pioneiras na produ\u00e7\u00e3o de biodiesel no pa\u00eds, investindo em novas tecnologias, processos e m\u00e3o de obra.","publisher":{"@id":"https:\/\/binatural.com.br\/#organization"},"potentialAction":[{"@type":"SearchAction","target":{"@type":"EntryPoint","urlTemplate":"https:\/\/binatural.com.br\/?s={search_term_string}"},"query-input":{"@type":"PropertyValueSpecification","valueRequired":true,"valueName":"search_term_string"}}],"inLanguage":"en-US"},{"@type":"Organization","@id":"https:\/\/binatural.com.br\/#organization","name":"Binatural","url":"https:\/\/binatural.com.br\/","logo":{"@type":"ImageObject","inLanguage":"en-US","@id":"https:\/\/binatural.com.br\/#\/schema\/logo\/image\/","url":"https:\/\/binatural.com.br\/wp-content\/uploads\/2021\/12\/binatural.png","contentUrl":"https:\/\/binatural.com.br\/wp-content\/uploads\/2021\/12\/binatural.png","width":91,"height":80,"caption":"Binatural"},"image":{"@id":"https:\/\/binatural.com.br\/#\/schema\/logo\/image\/"}}]}},"_links":{"self":[{"href":"https:\/\/binatural.com.br\/en\/wp-json\/wp\/v2\/pages\/338","targetHints":{"allow":["GET"]}}],"collection":[{"href":"https:\/\/binatural.com.br\/en\/wp-json\/wp\/v2\/pages"}],"about":[{"href":"https:\/\/binatural.com.br\/en\/wp-json\/wp\/v2\/types\/page"}],"author":[{"embeddable":true,"href":"https:\/\/binatural.com.br\/en\/wp-json\/wp\/v2\/users\/1"}],"replies":[{"embeddable":true,"href":"https:\/\/binatural.com.br\/en\/wp-json\/wp\/v2\/comments?post=338"}],"version-history":[{"count":55,"href":"https:\/\/binatural.com.br\/en\/wp-json\/wp\/v2\/pages\/338\/revisions"}],"predecessor-version":[{"id":3988,"href":"https:\/\/binatural.com.br\/en\/wp-json\/wp\/v2\/pages\/338\/revisions\/3988"}],"wp:attachment":[{"href":"https:\/\/binatural.com.br\/en\/wp-json\/wp\/v2\/media?parent=338"}],"curies":[{"name":"wp","href":"https:\/\/api.w.org\/{rel}","templated":true}]}}