{"id":3063,"date":"2025-05-05T16:02:51","date_gmt":"2025-05-05T19:02:51","guid":{"rendered":"https:\/\/binatural.com.br\/?page_id=3063"},"modified":"2025-10-05T17:04:33","modified_gmt":"2025-10-05T20:04:33","slug":"radarbinatural","status":"publish","type":"page","link":"https:\/\/binatural.com.br\/en\/radarbinatural\/","title":{"rendered":"Binatural Radar"},"content":{"rendered":"<div data-elementor-type=\"wp-page\" data-elementor-id=\"3063\" class=\"elementor elementor-3063\" data-elementor-post-type=\"page\">\n\t\t\t\t\t\t<section class=\"elementor-section elementor-top-section elementor-element elementor-element-5e29c2ef elementor-section-boxed elementor-section-height-default elementor-section-height-default\" data-id=\"5e29c2ef\" data-element_type=\"section\" data-e-type=\"section\">\n\t\t\t\t\t\t<div class=\"elementor-container elementor-column-gap-default\">\n\t\t\t\t\t<div class=\"elementor-column elementor-col-100 elementor-top-column elementor-element elementor-element-7e4650f1\" data-id=\"7e4650f1\" data-element_type=\"column\" data-e-type=\"column\">\n\t\t\t<div class=\"elementor-widget-wrap elementor-element-populated\">\n\t\t\t\t\t\t<div class=\"elementor-element elementor-element-683d237d elementor-widget elementor-widget-shortcode\" data-id=\"683d237d\" data-element_type=\"widget\" data-e-type=\"widget\" data-widget_type=\"shortcode.default\">\n\t\t\t\t<div class=\"elementor-widget-container\">\n\t\t\t\t\t\t\t<div class=\"elementor-shortcode\">    <div class=\"newsletter-container default-style\">\r\n        <div class=\"newsletter-logo\">\r\n            <img decoding=\"async\" src=\"https:\/\/binatural.com.br\/wp-content\/themes\/binatural\/images\/banner-news.png\" alt=\"Radar Binatural do Biodiesel\">\r\n        <\/div>\r\n        <div class=\"newsletter-form\">\r\n            <h2>Newsletter Subscribe<\/h2>\r\n            <form id=\"newsletter-signup\" method=\"post\" action=\"\">\r\n                <div class=\"input-group\">\r\n                    <input type=\"email\" name=\"newsletter_email\" id=\"newsletter-email\" placeholder=\"E-mail*\" required>\r\n                    <button type=\"submit\" class=\"btn\">Send<\/button>\r\n                <\/div>\r\n                <div id=\"newsletter-message\"><\/div>\r\n            <input type=\"hidden\" name=\"trp-form-language\" value=\"en\"\/><\/form>\r\n        <\/div>\r\n    <\/div>\r\n    <\/div>\n\t\t\t\t\t\t<\/div>\n\t\t\t\t<\/div>\n\t\t\t\t\t<\/div>\n\t\t<\/div>\n\t\t\t\t\t<\/div>\n\t\t<\/section>\n\t\t\t\t<\/div>","protected":false},"excerpt":{"rendered":"","protected":false},"author":1,"featured_media":0,"parent":0,"menu_order":0,"comment_status":"closed","ping_status":"closed","template":"radar.php","meta":{"footnotes":""},"class_list":["post-3063","page","type-page","status-publish","hentry"],"yoast_head":"<!-- This site is optimized with the Yoast SEO plugin v27.5 - https:\/\/yoast.com\/product\/yoast-seo-wordpress\/ -->\n<title>Radar Binatural | Novidades e Informa\u00e7\u00f5es | Binatural<\/title>\n<meta name=\"description\" content=\"Radar Binatural. Descubra a Binatural, com produtos naturais de qualidade e informa\u00e7\u00f5es \u00fateis, servi\u00e7os e conte\u00fados para sa\u00fade e bem-estar di\u00e1rio.\" \/>\n<meta name=\"robots\" content=\"index, follow, max-snippet:-1, max-image-preview:large, max-video-preview:-1\" \/>\n<link rel=\"canonical\" href=\"https:\/\/binatural.com.br\/en\/radarbinatural\/\" \/>\n<meta property=\"og:locale\" content=\"en_US\" \/>\n<meta property=\"og:type\" content=\"article\" \/>\n<meta property=\"og:title\" content=\"Radar Binatural | Novidades e Informa\u00e7\u00f5es | Binatural\" \/>\n<meta property=\"og:description\" content=\"Radar Binatural. Descubra a Binatural, com produtos naturais de qualidade e informa\u00e7\u00f5es \u00fateis, servi\u00e7os e conte\u00fados para sa\u00fade e bem-estar di\u00e1rio.\" \/>\n<meta property=\"og:url\" content=\"https:\/\/binatural.com.br\/en\/radarbinatural\/\" \/>\n<meta property=\"og:site_name\" content=\"Binatural\" \/>\n<meta property=\"article:modified_time\" content=\"2025-10-05T20:04:33+00:00\" \/>\n<meta name=\"twitter:card\" content=\"summary_large_image\" \/>\n<meta name=\"twitter:label1\" content=\"Est. reading time\" \/>\n\t<meta name=\"twitter:data1\" content=\"1 minute\" \/>\n<!-- \/ Yoast SEO plugin. -->","yoast_head_json":{"title":"Radar Binatural | Novidades e Informa\u00e7\u00f5es | Binatural","description":"Radar Binatural. Descubra a Binatural, com produtos naturais de qualidade e informa\u00e7\u00f5es \u00fateis, servi\u00e7os e conte\u00fados para sa\u00fade e bem-estar di\u00e1rio.","robots":{"index":"index","follow":"follow","max-snippet":"max-snippet:-1","max-image-preview":"max-image-preview:large","max-video-preview":"max-video-preview:-1"},"canonical":"https:\/\/binatural.com.br\/en\/radarbinatural\/","og_locale":"en_US","og_type":"article","og_title":"Radar Binatural | Novidades e Informa\u00e7\u00f5es | Binatural","og_description":"Radar Binatural. Descubra a Binatural, com produtos naturais de qualidade e informa\u00e7\u00f5es \u00fateis, servi\u00e7os e conte\u00fados para sa\u00fade e bem-estar di\u00e1rio.","og_url":"https:\/\/binatural.com.br\/en\/radarbinatural\/","og_site_name":"Binatural","article_modified_time":"2025-10-05T20:04:33+00:00","twitter_card":"summary_large_image","twitter_misc":{"Est. reading time":"1 minute"},"schema":{"@context":"https:\/\/schema.org","@graph":[{"@type":"WebPage","@id":"https:\/\/binatural.com.br\/radarbinatural\/","url":"https:\/\/binatural.com.br\/radarbinatural\/","name":"Radar Binatural | Novidades e Informa\u00e7\u00f5es | Binatural","isPartOf":{"@id":"https:\/\/binatural.com.br\/#website"},"datePublished":"2025-05-05T19:02:51+00:00","dateModified":"2025-10-05T20:04:33+00:00","description":"Radar Binatural. Descubra a Binatural, com produtos naturais de qualidade e informa\u00e7\u00f5es \u00fateis, servi\u00e7os e conte\u00fados para sa\u00fade e bem-estar di\u00e1rio.","breadcrumb":{"@id":"https:\/\/binatural.com.br\/radarbinatural\/#breadcrumb"},"inLanguage":"en-US","potentialAction":[{"@type":"ReadAction","target":["https:\/\/binatural.com.br\/radarbinatural\/"]}]},{"@type":"BreadcrumbList","@id":"https:\/\/binatural.com.br\/radarbinatural\/#breadcrumb","itemListElement":[{"@type":"ListItem","position":1,"name":"In\u00edcio","item":"https:\/\/binatural.com.br\/"},{"@type":"ListItem","position":2,"name":"Radar Binatural"}]},{"@type":"WebSite","@id":"https:\/\/binatural.com.br\/#website","url":"https:\/\/binatural.com.br\/","name":"Binatural","description":"A Binatural foi uma das pioneiras na produ\u00e7\u00e3o de biodiesel no pa\u00eds, investindo em novas tecnologias, processos e m\u00e3o de obra.","publisher":{"@id":"https:\/\/binatural.com.br\/#organization"},"potentialAction":[{"@type":"SearchAction","target":{"@type":"EntryPoint","urlTemplate":"https:\/\/binatural.com.br\/?s={search_term_string}"},"query-input":{"@type":"PropertyValueSpecification","valueRequired":true,"valueName":"search_term_string"}}],"inLanguage":"en-US"},{"@type":"Organization","@id":"https:\/\/binatural.com.br\/#organization","name":"Binatural","url":"https:\/\/binatural.com.br\/","logo":{"@type":"ImageObject","inLanguage":"en-US","@id":"https:\/\/binatural.com.br\/#\/schema\/logo\/image\/","url":"https:\/\/binatural.com.br\/wp-content\/uploads\/2021\/12\/binatural.png","contentUrl":"https:\/\/binatural.com.br\/wp-content\/uploads\/2021\/12\/binatural.png","width":91,"height":80,"caption":"Binatural"},"image":{"@id":"https:\/\/binatural.com.br\/#\/schema\/logo\/image\/"}}]}},"_links":{"self":[{"href":"https:\/\/binatural.com.br\/en\/wp-json\/wp\/v2\/pages\/3063","targetHints":{"allow":["GET"]}}],"collection":[{"href":"https:\/\/binatural.com.br\/en\/wp-json\/wp\/v2\/pages"}],"about":[{"href":"https:\/\/binatural.com.br\/en\/wp-json\/wp\/v2\/types\/page"}],"author":[{"embeddable":true,"href":"https:\/\/binatural.com.br\/en\/wp-json\/wp\/v2\/users\/1"}],"replies":[{"embeddable":true,"href":"https:\/\/binatural.com.br\/en\/wp-json\/wp\/v2\/comments?post=3063"}],"version-history":[{"count":13,"href":"https:\/\/binatural.com.br\/en\/wp-json\/wp\/v2\/pages\/3063\/revisions"}],"predecessor-version":[{"id":3468,"href":"https:\/\/binatural.com.br\/en\/wp-json\/wp\/v2\/pages\/3063\/revisions\/3468"}],"wp:attachment":[{"href":"https:\/\/binatural.com.br\/en\/wp-json\/wp\/v2\/media?parent=3063"}],"curies":[{"name":"wp","href":"https:\/\/api.w.org\/{rel}","templated":true}]}}