{"id":242,"date":"2021-12-09T20:06:53","date_gmt":"2021-12-09T23:06:53","guid":{"rendered":"https:\/\/binatural.com.br\/?page_id=242"},"modified":"2025-10-05T17:02:40","modified_gmt":"2025-10-05T20:02:40","slug":"contato","status":"publish","type":"page","link":"https:\/\/binatural.com.br\/en\/contato\/","title":{"rendered":"Contact"},"content":{"rendered":"<div data-elementor-type=\"wp-page\" data-elementor-id=\"242\" class=\"elementor elementor-242\" data-elementor-post-type=\"page\">\n\t\t\t\t\t\t<section class=\"elementor-section elementor-top-section elementor-element elementor-element-1338caf elementor-section-boxed elementor-section-height-default elementor-section-height-default\" data-id=\"1338caf\" data-element_type=\"section\" data-e-type=\"section\">\n\t\t\t\t\t\t<div class=\"elementor-container elementor-column-gap-default\">\n\t\t\t\t\t<div class=\"elementor-column elementor-col-33 elementor-top-column elementor-element elementor-element-dd589f7\" data-id=\"dd589f7\" data-element_type=\"column\" data-e-type=\"column\">\n\t\t\t<div class=\"elementor-widget-wrap\">\n\t\t\t\t\t\t\t<\/div>\n\t\t<\/div>\n\t\t\t\t<div class=\"elementor-column elementor-col-33 elementor-top-column elementor-element elementor-element-4b1a490\" data-id=\"4b1a490\" data-element_type=\"column\" data-e-type=\"column\">\n\t\t\t<div class=\"elementor-widget-wrap elementor-element-populated\">\n\t\t\t\t\t\t<div class=\"elementor-element elementor-element-1a8ebca elementor-widget elementor-widget-text-editor\" data-id=\"1a8ebca\" data-element_type=\"widget\" data-e-type=\"widget\" data-widget_type=\"text-editor.default\">\n\t\t\t\t<div class=\"elementor-widget-container\">\n\t\t\t\t\t\t\t\t\t<h1 class=\"hero-heading\" style=\"text-align: center;\">Contact<\/h1>\n<p class=\"sub-text\" style=\"text-align: center;\">Para informa\u00e7\u00f5es, reclama\u00e7\u00f5es e sugest\u00f5es sobre nossos servi\u00e7os,<br>\npreencha e envie o formul\u00e1rio abaixo:<\/p>\t\t\t\t\t\t\t\t<\/div>\n\t\t\t\t<\/div>\n\t\t\t\t\t<\/div>\n\t\t<\/div>\n\t\t\t\t<div class=\"elementor-column elementor-col-33 elementor-top-column elementor-element elementor-element-4d69e1b\" data-id=\"4d69e1b\" data-element_type=\"column\" data-e-type=\"column\">\n\t\t\t<div class=\"elementor-widget-wrap\">\n\t\t\t\t\t\t\t<\/div>\n\t\t<\/div>\n\t\t\t\t\t<\/div>\n\t\t<\/section>\n\t\t\t\t<section class=\"elementor-section elementor-top-section elementor-element elementor-element-fa7f463 elementor-section-boxed elementor-section-height-default elementor-section-height-default\" data-id=\"fa7f463\" data-element_type=\"section\" data-e-type=\"section\">\n\t\t\t\t\t\t<div class=\"elementor-container elementor-column-gap-default\">\n\t\t\t\t\t<div class=\"elementor-column elementor-col-33 elementor-top-column elementor-element elementor-element-ff060d5\" data-id=\"ff060d5\" data-element_type=\"column\" data-e-type=\"column\">\n\t\t\t<div class=\"elementor-widget-wrap elementor-element-populated\">\n\t\t\t\t\t\t<div class=\"elementor-element elementor-element-8af4fa7 elementor-widget elementor-widget-text-editor\" data-id=\"8af4fa7\" data-element_type=\"widget\" data-e-type=\"widget\" data-widget_type=\"text-editor.default\">\n\t\t\t\t<div class=\"elementor-widget-container\">\n\t\t\t\t\t\t\t\t\t<p><i class=\"icon-envelope\"><\/i> contato@binatural.com.br<\/p>\t\t\t\t\t\t\t\t<\/div>\n\t\t\t\t<\/div>\n\t\t\t\t\t<\/div>\n\t\t<\/div>\n\t\t\t\t<div class=\"elementor-column elementor-col-33 elementor-top-column elementor-element elementor-element-692646d\" data-id=\"692646d\" data-element_type=\"column\" data-e-type=\"column\">\n\t\t\t<div class=\"elementor-widget-wrap\">\n\t\t\t\t\t\t\t<\/div>\n\t\t<\/div>\n\t\t\t\t<div class=\"elementor-column elementor-col-33 elementor-top-column elementor-element elementor-element-bc02325\" data-id=\"bc02325\" data-element_type=\"column\" data-e-type=\"column\">\n\t\t\t<div class=\"elementor-widget-wrap elementor-element-populated\">\n\t\t\t\t\t\t<div class=\"elementor-element elementor-element-4e17860 elementor-widget elementor-widget-text-editor\" data-id=\"4e17860\" data-element_type=\"widget\" data-e-type=\"widget\" data-widget_type=\"text-editor.default\">\n\t\t\t\t<div class=\"elementor-widget-container\">\n\t\t\t\t\t\t\t\t\t<p style=\"text-align: right;\"><i class=\"icon-phone\"><\/i> +55 11 4765-2000<\/p>\t\t\t\t\t\t\t\t<\/div>\n\t\t\t\t<\/div>\n\t\t\t\t\t<\/div>\n\t\t<\/div>\n\t\t\t\t\t<\/div>\n\t\t<\/section>\n\t\t\t\t<section class=\"elementor-section elementor-top-section elementor-element elementor-element-697b240 elementor-section-boxed elementor-section-height-default elementor-section-height-default\" data-id=\"697b240\" data-element_type=\"section\" data-e-type=\"section\">\n\t\t\t\t\t\t<div class=\"elementor-container elementor-column-gap-default\">\n\t\t\t\t\t<div class=\"elementor-column elementor-col-100 elementor-top-column elementor-element elementor-element-9f65b6a\" data-id=\"9f65b6a\" data-element_type=\"column\" data-e-type=\"column\">\n\t\t\t<div class=\"elementor-widget-wrap elementor-element-populated\">\n\t\t\t\t\t\t<div class=\"elementor-element elementor-element-548e614 elementor-widget elementor-widget-shortcode\" data-id=\"548e614\" data-element_type=\"widget\" data-e-type=\"widget\" data-widget_type=\"shortcode.default\">\n\t\t\t\t<div class=\"elementor-widget-container\">\n\t\t\t\t\t\t\t<div class=\"elementor-shortcode\">\n<div class=\"wpcf7 no-js\" id=\"wpcf7-f295-o1\" lang=\"pt-BR\" dir=\"ltr\" data-wpcf7-id=\"295\">\n<div class=\"screen-reader-response\"><p role=\"status\" aria-live=\"polite\" aria-atomic=\"true\"><\/p> <ul><\/ul><\/div>\n<form action=\"\/en\/wp-json\/wp\/v2\/pages\/242#wpcf7-f295-o1\" method=\"post\" class=\"wpcf7-form init\" aria-label=\"Formul\u00e1rios de contato\" novalidate=\"novalidate\" data-status=\"init\" data-trp-original-action=\"\/en\/wp-json\/wp\/v2\/pages\/242#wpcf7-f295-o1\">\n<fieldset class=\"hidden-fields-container\"><input type=\"hidden\" name=\"_wpcf7\" value=\"295\" \/><input type=\"hidden\" name=\"_wpcf7_version\" value=\"6.1.5\" \/><input type=\"hidden\" name=\"_wpcf7_locale\" value=\"pt_BR\" \/><input type=\"hidden\" name=\"_wpcf7_unit_tag\" value=\"wpcf7-f295-o1\" \/><input type=\"hidden\" name=\"_wpcf7_container_post\" value=\"0\" \/><input type=\"hidden\" name=\"_wpcf7_posted_data_hash\" value=\"\" \/>\n<\/fieldset>\n<style>\ninput.wpcf7-form-control.has-spinner.wpcf7-submit {\n\tbackground: #000;\n\tborder-color: #000;\n\tpadding-top: 12px;\n\tpadding-bottom: 12px;\n\tpadding-left: 30px;\n\tpadding-right: 30px;\n\tborder-radius: 4px;\n\tfont-size: 14px;\n\tcursor: pointer;\n\tcolor:#fff;\n}\nselect.wpcf7-form-control.wpcf7-select.wpcf7-validates-as-required {\n display: block;\n width: 100%;\n padding: 0.80rem 0.80rem;\n -moz-padding-start: calc(0.75rem - 3px);\n font-size: 1rem;\n font-weight: 400;\n line-height: 1.5;\n color: #212529;\n background-color: #fff;\n background-image: url(data:image\/svg+xml,%3csvg xmlns='http:\/\/www.w3.org\/2000\/svg' viewBox='0 0 16 16'%3e%3cpath fill='none' stroke='%23343a40' stroke-linecap='round' stroke-linejoin='round' stroke-width='2' d='M2 5l6 6 6-6'\/%3e%3c\/svg%3e);\n background-repeat: no-repeat;\n background-position: right 0.75rem center;\n background-size: 16px 12px;\n border: 1px solid #000000;\n border-radius: 0.25rem;\n transition: border-color .15s ease-in-out,box-shadow .15s ease-in-out;\n -webkit-appearance: none;\n -moz-appearance: none;\n appearance: none;\n}\nlabel {\n width: 100%;\n}\n<\/style>\n<div class=\"row\">\n\t<div class=\"col-6\">\n\t\t<p><label class=\"text-black\">Name<\/label><br \/>\n<label><span class=\"wpcf7-form-control-wrap\" data-name=\"seunome\"><input size=\"100\" maxlength=\"400\" class=\"wpcf7-form-control wpcf7-text wpcf7-validates-as-required form-control\" aria-required=\"true\" aria-invalid=\"false\" placeholder=\"Name\" value=\"\" type=\"text\" name=\"seunome\" \/><\/span> <\/label>\n\t\t<\/p>\n\t<\/div>\n\t<div class=\"col-6\">\n\t\t<p><label class=\"text-black\">E-mail<\/label><br \/>\n<label><span class=\"wpcf7-form-control-wrap\" data-name=\"seuemail\"><input size=\"100\" maxlength=\"400\" class=\"wpcf7-form-control wpcf7-email wpcf7-validates-as-required wpcf7-text wpcf7-validates-as-email form-control\" aria-required=\"true\" aria-invalid=\"false\" placeholder=\"E-mail*\" value=\"\" type=\"email\" name=\"seuemail\" \/><\/span> <\/label>\n\t\t<\/p>\n\t<\/div>\n\t<div class=\"col-6\">\n\t\t<p><label class=\"text-black\">Telefone<\/label><br \/>\n<label><span class=\"wpcf7-form-control-wrap\" data-name=\"tel-22\"><input size=\"100\" maxlength=\"400\" class=\"wpcf7-form-control wpcf7-tel wpcf7-validates-as-required wpcf7-text wpcf7-validates-as-tel form-control\" aria-required=\"true\" aria-invalid=\"false\" placeholder=\"Telefone*\" value=\"\" type=\"tel\" name=\"tel-22\" \/><\/span> <\/label>\n\t\t<\/p>\n\t<\/div>\n<\/div>\n<div class=\"form-group\">\n\t<p><label class=\"text-black\">Subject<\/label><br \/>\n<label><span class=\"wpcf7-form-control-wrap\" data-name=\"assunto\"><input size=\"150\" maxlength=\"400\" class=\"wpcf7-form-control wpcf7-text wpcf7-validates-as-required form-control\" aria-required=\"true\" aria-invalid=\"false\" placeholder=\"Subject\" value=\"\" type=\"text\" name=\"assunto\" \/><\/span><\/label>\n\t<\/p>\n<\/div>\n<div class=\"form-group\">\n\t<p><label class=\"text-black\">Area<\/label><br \/>\n<label><span class=\"wpcf7-form-control-wrap\" data-name=\"area\"><select class=\"wpcf7-form-control wpcf7-select wpcf7-validates-as-required\" aria-required=\"true\" aria-invalid=\"false\" name=\"area\"><option value=\"\">Selecione a Area*<\/option><option value=\"Comunica\u00e7\u00e3o\">Comunica\u00e7\u00e3o<\/option><option value=\"Compras\">Compras<\/option><option value=\"Recursos Humanos\">Recursos Humanos<\/option><option value=\"Comercial\">Comercial<\/option><\/select><\/span><\/label>\n\t<\/p>\n<\/div>\n<div class=\"form-group\">\n\t<p><label class=\"text-black\">Message<\/label><br \/>\n<label><span class=\"wpcf7-form-control-wrap\" data-name=\"mensagem\"><textarea cols=\"150\" rows=\"10\" maxlength=\"2000\" class=\"wpcf7-form-control wpcf7-textarea wpcf7-validates-as-required form-control\" aria-required=\"true\" aria-invalid=\"false\" placeholder=\"Mensagem*\" name=\"mensagem\"><\/textarea><\/span><\/label>\n\t<\/p>\n<\/div>\n<p><input class=\"wpcf7-form-control wpcf7-submit has-spinner\" type=\"submit\" value=\"Send\" \/>\n<\/p><div class=\"wpcf7-response-output\" aria-hidden=\"true\"><\/div>\n<input type=\"hidden\" name=\"trp-form-language\" value=\"en\"\/><\/form>\n<\/div>\n<\/div>\n\t\t\t\t\t\t<\/div>\n\t\t\t\t<\/div>\n\t\t\t\t\t<\/div>\n\t\t<\/div>\n\t\t\t\t\t<\/div>\n\t\t<\/section>\n\t\t\t\t<\/div>","protected":false},"excerpt":{"rendered":"<p>Contato Para informa\u00e7\u00f5es, reclama\u00e7\u00f5es e sugest\u00f5es sobre nossos servi\u00e7os, preencha e envie o formul\u00e1rio abaixo: contato@binatural.com.br +55 11 4765-2000<\/p>","protected":false},"author":1,"featured_media":0,"parent":0,"menu_order":0,"comment_status":"closed","ping_status":"closed","template":"contato.php","meta":{"footnotes":""},"class_list":["post-242","page","type-page","status-publish","hentry"],"yoast_head":"<!-- This site is optimized with the Yoast SEO plugin v27.5 - https:\/\/yoast.com\/product\/yoast-seo-wordpress\/ -->\n<title>Veja nossos contato | Binatural<\/title>\n<meta name=\"description\" content=\"Entre em contato com a Binatural para d\u00favidas, informa\u00e7\u00f5es sobre produtos, servi\u00e7os ou atendimento personalizado de forma r\u00e1pida.\" \/>\n<meta name=\"robots\" content=\"index, follow, max-snippet:-1, max-image-preview:large, max-video-preview:-1\" \/>\n<link rel=\"canonical\" href=\"https:\/\/binatural.com.br\/en\/contato\/\" \/>\n<meta property=\"og:locale\" content=\"en_US\" \/>\n<meta property=\"og:type\" content=\"article\" \/>\n<meta property=\"og:title\" content=\"Veja nossos contato | Binatural\" \/>\n<meta property=\"og:description\" content=\"Entre em contato com a Binatural para d\u00favidas, informa\u00e7\u00f5es sobre produtos, servi\u00e7os ou atendimento personalizado de forma r\u00e1pida.\" \/>\n<meta property=\"og:url\" content=\"https:\/\/binatural.com.br\/en\/contato\/\" \/>\n<meta property=\"og:site_name\" content=\"Binatural\" \/>\n<meta property=\"article:modified_time\" content=\"2025-10-05T20:02:40+00:00\" \/>\n<meta name=\"twitter:card\" content=\"summary_large_image\" \/>\n<meta name=\"twitter:label1\" content=\"Est. reading time\" \/>\n\t<meta name=\"twitter:data1\" content=\"1 minute\" \/>\n<!-- \/ Yoast SEO plugin. -->","yoast_head_json":{"title":"Veja nossos contato | Binatural","description":"Entre em contato com a Binatural para d\u00favidas, informa\u00e7\u00f5es sobre produtos, servi\u00e7os ou atendimento personalizado de forma r\u00e1pida.","robots":{"index":"index","follow":"follow","max-snippet":"max-snippet:-1","max-image-preview":"max-image-preview:large","max-video-preview":"max-video-preview:-1"},"canonical":"https:\/\/binatural.com.br\/en\/contato\/","og_locale":"en_US","og_type":"article","og_title":"Veja nossos contato | Binatural","og_description":"Entre em contato com a Binatural para d\u00favidas, informa\u00e7\u00f5es sobre produtos, servi\u00e7os ou atendimento personalizado de forma r\u00e1pida.","og_url":"https:\/\/binatural.com.br\/en\/contato\/","og_site_name":"Binatural","article_modified_time":"2025-10-05T20:02:40+00:00","twitter_card":"summary_large_image","twitter_misc":{"Est. reading time":"1 minute"},"schema":{"@context":"https:\/\/schema.org","@graph":[{"@type":"WebPage","@id":"https:\/\/binatural.com.br\/contato\/","url":"https:\/\/binatural.com.br\/contato\/","name":"Veja nossos contato | Binatural","isPartOf":{"@id":"https:\/\/binatural.com.br\/#website"},"datePublished":"2021-12-09T23:06:53+00:00","dateModified":"2025-10-05T20:02:40+00:00","description":"Entre em contato com a Binatural para d\u00favidas, informa\u00e7\u00f5es sobre produtos, servi\u00e7os ou atendimento personalizado de forma r\u00e1pida.","breadcrumb":{"@id":"https:\/\/binatural.com.br\/contato\/#breadcrumb"},"inLanguage":"en-US","potentialAction":[{"@type":"ReadAction","target":["https:\/\/binatural.com.br\/contato\/"]}]},{"@type":"BreadcrumbList","@id":"https:\/\/binatural.com.br\/contato\/#breadcrumb","itemListElement":[{"@type":"ListItem","position":1,"name":"In\u00edcio","item":"https:\/\/binatural.com.br\/"},{"@type":"ListItem","position":2,"name":"Contato"}]},{"@type":"WebSite","@id":"https:\/\/binatural.com.br\/#website","url":"https:\/\/binatural.com.br\/","name":"Binatural","description":"A Binatural foi uma das pioneiras na produ\u00e7\u00e3o de biodiesel no pa\u00eds, investindo em novas tecnologias, processos e m\u00e3o de obra.","publisher":{"@id":"https:\/\/binatural.com.br\/#organization"},"potentialAction":[{"@type":"SearchAction","target":{"@type":"EntryPoint","urlTemplate":"https:\/\/binatural.com.br\/?s={search_term_string}"},"query-input":{"@type":"PropertyValueSpecification","valueRequired":true,"valueName":"search_term_string"}}],"inLanguage":"en-US"},{"@type":"Organization","@id":"https:\/\/binatural.com.br\/#organization","name":"Binatural","url":"https:\/\/binatural.com.br\/","logo":{"@type":"ImageObject","inLanguage":"en-US","@id":"https:\/\/binatural.com.br\/#\/schema\/logo\/image\/","url":"https:\/\/binatural.com.br\/wp-content\/uploads\/2021\/12\/binatural.png","contentUrl":"https:\/\/binatural.com.br\/wp-content\/uploads\/2021\/12\/binatural.png","width":91,"height":80,"caption":"Binatural"},"image":{"@id":"https:\/\/binatural.com.br\/#\/schema\/logo\/image\/"}}]}},"_links":{"self":[{"href":"https:\/\/binatural.com.br\/en\/wp-json\/wp\/v2\/pages\/242","targetHints":{"allow":["GET"]}}],"collection":[{"href":"https:\/\/binatural.com.br\/en\/wp-json\/wp\/v2\/pages"}],"about":[{"href":"https:\/\/binatural.com.br\/en\/wp-json\/wp\/v2\/types\/page"}],"author":[{"embeddable":true,"href":"https:\/\/binatural.com.br\/en\/wp-json\/wp\/v2\/users\/1"}],"replies":[{"embeddable":true,"href":"https:\/\/binatural.com.br\/en\/wp-json\/wp\/v2\/comments?post=242"}],"version-history":[{"count":37,"href":"https:\/\/binatural.com.br\/en\/wp-json\/wp\/v2\/pages\/242\/revisions"}],"predecessor-version":[{"id":1223,"href":"https:\/\/binatural.com.br\/en\/wp-json\/wp\/v2\/pages\/242\/revisions\/1223"}],"wp:attachment":[{"href":"https:\/\/binatural.com.br\/en\/wp-json\/wp\/v2\/media?parent=242"}],"curies":[{"name":"wp","href":"https:\/\/api.w.org\/{rel}","templated":true}]}}